{"id":2268,"date":"2022-08-02T13:58:35","date_gmt":"2022-08-02T13:58:35","guid":{"rendered":"https:\/\/spitalnasaud.ro\/?page_id=2268"},"modified":"2025-09-09T11:37:03","modified_gmt":"2025-09-09T08:37:03","slug":"despre-spital","status":"publish","type":"page","link":"https:\/\/spitalnasaud.ro\/?page_id=2268","title":{"rendered":"Despre spital"},"content":{"rendered":"<p><div class=\"fusion-fullwidth fullwidth-box fusion-builder-row-1 fusion-flex-container has-pattern-background has-mask-background nonhundred-percent-fullwidth non-hundred-percent-height-scrolling\" style=\"--awb-border-radius-top-left:0px;--awb-border-radius-top-right:0px;--awb-border-radius-bottom-right:0px;--awb-border-radius-bottom-left:0px;--awb-flex-wrap:wrap;\" ><div class=\"fusion-builder-row fusion-row fusion-flex-align-items-flex-start fusion-flex-content-wrap\" style=\"max-width:1365px;margin-left: calc(-5% \/ 2 );margin-right: calc(-5% \/ 2 );\"><div class=\"fusion-layout-column fusion_builder_column fusion-builder-column-0 fusion_builder_column_1_2 1_2 fusion-flex-column\" style=\"--awb-bg-size:cover;--awb-width-large:50%;--awb-margin-top-large:0px;--awb-spacing-right-large:4.75%;--awb-margin-bottom-large:20px;--awb-spacing-left-large:4.75%;--awb-width-medium:50%;--awb-order-medium:0;--awb-spacing-right-medium:4.75%;--awb-spacing-left-medium:4.75%;--awb-width-small:100%;--awb-order-small:0;--awb-spacing-right-small:2.375%;--awb-spacing-left-small:2.375%;\"><div class=\"fusion-column-wrapper fusion-column-has-shadow fusion-flex-justify-content-flex-start fusion-content-layout-column\"><div class=\"fusion-text fusion-text-1\"><p>Spitalul Or\u0103\u015fenesc \u201eDr. George Trifon\u201f N\u0103s\u0103ud av\u00e2nd Ambulatoriul clinic de specialitate integrat ofer\u0103 \u00een principal urm\u0103toarele servicii medicale:<\/p>\n<\/div><ul style=\"--awb-size:19px;--awb-iconcolor:var(--awb-color5);--awb-line-height:32.3px;--awb-icon-width:32.3px;--awb-icon-height:32.3px;--awb-icon-margin:13.3px;--awb-content-margin:45.6px;--awb-circlecolor:var(--awb-color1);--awb-circle-yes-font-size:16.72px;\" class=\"fusion-checklist fusion-checklist-1 fusion-checklist-default type-icons\"><li class=\"fusion-li-item\" style=\"\"><span class=\"icon-wrapper circle-yes\"><i class=\"fusion-li-icon fa-check fas\" aria-hidden=\"true\"><\/i><\/span><div class=\"fusion-li-item-content\">\n<p>spitalice\u015fti: spitalizare de zi \u015fi continu\u0103;<\/p>\n<\/div><\/li><li class=\"fusion-li-item\" style=\"\"><span class=\"icon-wrapper circle-yes\"><i class=\"fusion-li-icon fa-check fas\" aria-hidden=\"true\"><\/i><\/span><div class=\"fusion-li-item-content\">\n<p>de recuperare balneo-fizioterapeutic\u0103;<\/p>\n<\/div><\/li><li class=\"fusion-li-item\" style=\"\"><span class=\"icon-wrapper circle-yes\"><i class=\"fusion-li-icon fa-check fas\" aria-hidden=\"true\"><\/i><\/span><div class=\"fusion-li-item-content\">\n<p>clinice de ambulator;<\/p>\n<\/div><\/li><li class=\"fusion-li-item\" style=\"\"><span class=\"icon-wrapper circle-yes\"><i class=\"fusion-li-icon fa-check fas\" aria-hidden=\"true\"><\/i><\/span><div class=\"fusion-li-item-content\">\n<p>investiga\u0163ii paraclinice de laborator;<\/p>\n<\/div><\/li><li class=\"fusion-li-item\" style=\"\"><span class=\"icon-wrapper circle-yes\"><i class=\"fusion-li-icon fa-check fas\" aria-hidden=\"true\"><\/i><\/span><div class=\"fusion-li-item-content\">\n<p>investiga\u0163ii de radiologie \u015fi imagistic\u0103 medical\u0103;<\/p>\n<\/div><\/li><li class=\"fusion-li-item\" style=\"\"><span class=\"icon-wrapper circle-yes\"><i class=\"fusion-li-icon fa-check fas\" aria-hidden=\"true\"><\/i><\/span><div class=\"fusion-li-item-content\">\n<p>examin\u0103ri histopatologice.<\/p>\n<\/div><\/li><\/ul><\/div><\/div><div class=\"fusion-layout-column fusion_builder_column fusion-builder-column-1 fusion_builder_column_1_2 1_2 fusion-flex-column\" style=\"--awb-bg-size:cover;--awb-width-large:50%;--awb-margin-top-large:0px;--awb-spacing-right-large:4.75%;--awb-margin-bottom-large:20px;--awb-spacing-left-large:4.75%;--awb-width-medium:50%;--awb-order-medium:0;--awb-spacing-right-medium:4.75%;--awb-spacing-left-medium:4.75%;--awb-width-small:100%;--awb-order-small:0;--awb-spacing-right-small:2.375%;--awb-spacing-left-small:2.375%;\"><div class=\"fusion-column-wrapper lazyload fusion-column-has-shadow fusion-flex-justify-content-flex-start fusion-content-layout-column fusion-empty-column-bg-image fusion-column-has-bg-image\" data-bg-url=\"https:\/\/spitalnasaud.ro\/wp-content\/uploads\/2022\/07\/244418921_4772128416142994_3817697223343428477_n-1120x873-1.jpg\" data-bg=\"https:\/\/spitalnasaud.ro\/wp-content\/uploads\/2022\/07\/244418921_4772128416142994_3817697223343428477_n-1120x873-1.jpg\"><img decoding=\"async\" class=\"fusion-empty-dims-img-placeholder\" aria-label=\"244418921_4772128416142994_3817697223343428477_n-1120&#215;873-1\" src=\"data:image\/svg+xml,%3Csvg%20xmlns%3D%27http%3A%2F%2Fwww.w3.org%2F2000%2Fsvg%27%20width%3D%27770%27%20height%3D%27600%27%20viewBox%3D%270%200%20770%20600%27%3E%3Crect%20width%3D%27770%27%20height%3D%27600%27%20fill-opacity%3D%220%22%2F%3E%3C%2Fsvg%3E\"><\/div><\/div><\/div><\/div><div class=\"fusion-fullwidth fullwidth-box fusion-builder-row-2 fusion-flex-container has-pattern-background has-mask-background hundred-percent-fullwidth non-hundred-percent-height-scrolling\" style=\"--awb-border-radius-top-left:0px;--awb-border-radius-top-right:0px;--awb-border-radius-bottom-right:0px;--awb-border-radius-bottom-left:0px;--awb-padding-top:50px;--awb-flex-wrap:wrap;\" ><div class=\"fusion-builder-row fusion-row fusion-flex-align-items-flex-start fusion-flex-content-wrap\" style=\"width:105% !important;max-width:105% !important;margin-left: calc(-5% \/ 2 );margin-right: calc(-5% \/ 2 );\"><div class=\"fusion-layout-column fusion_builder_column fusion-builder-column-2 fusion_builder_column_1_1 1_1 fusion-flex-column\" style=\"--awb-bg-size:cover;--awb-width-large:100%;--awb-margin-top-large:0px;--awb-spacing-right-large:2.375%;--awb-margin-bottom-large:20px;--awb-spacing-left-large:2.375%;--awb-width-medium:100%;--awb-order-medium:0;--awb-spacing-right-medium:2.375%;--awb-spacing-left-medium:2.375%;--awb-width-small:100%;--awb-order-small:0;--awb-spacing-right-small:2.375%;--awb-spacing-left-small:2.375%;\"><div class=\"fusion-column-wrapper fusion-column-has-shadow fusion-flex-justify-content-flex-start fusion-content-layout-column\"><div class=\"fusion-title title fusion-title-1 fusion-title-center fusion-title-text fusion-title-size-three\" style=\"--awb-margin-bottom:30px;--awb-margin-top-small:10px;--awb-margin-right-small:0px;--awb-margin-bottom-small:10px;--awb-margin-left-small:0px;\"><div class=\"title-sep-container title-sep-container-left\"><div class=\"title-sep sep-double sep-solid\" style=\"border-color:var(--awb-color4);\"><\/div><\/div><span class=\"awb-title-spacer\"><\/span><h3 class=\"fusion-title-heading title-heading-center\" style=\"margin:0;\">Structura spitalului<\/h3><span class=\"awb-title-spacer\"><\/span><div class=\"title-sep-container title-sep-container-right\"><div class=\"title-sep sep-double sep-solid\" style=\"border-color:var(--awb-color4);\"><\/div><\/div><\/div><div class=\"fusion-content-boxes content-boxes columns row fusion-columns-5 fusion-columns-total-6 fusion-content-boxes-1 content-boxes-icon-on-top content-left\" style=\"--awb-hover-accent-color:var(--awb-color7);--awb-circle-hover-accent-color:var(--awb-color7);\" data-animationOffset=\"top-into-view\"><div style=\"--awb-backgroundcolor:var(--awb-color2);\" class=\"fusion-column content-box-column content-box-column-1 col-lg-2 col-md-2 col-sm-2 fusion-content-box-hover content-box-column-first-in-row\"><div class=\"col content-box-wrapper content-wrapper-background link-area-link-icon content-icon-wrapper-yes icon-hover-animation-fade\" data-animationOffset=\"top-into-view\"><div class=\"heading heading-with-icon icon-left\"><div class=\"icon\"><span style=\"height:102px;width:102px;line-height:52px;border-color:rgba(255,255,255,0);border-width:2px;border-style:solid;background-color:var(--awb-custom10);box-sizing:content-box;border-radius:50%;\"><i style=\"border-color:var(--awb-custom10);border-width:1px;background-color:var(--awb-color5);box-sizing:content-box;height:100px;width:100px;line-height:100px;border-radius:50%;position:relative;top:auto;left:auto;margin:0;border-radius:50%;font-size:50px;\" aria-hidden=\"true\" class=\"fontawesome-icon icon2-number15 circle-yes\"><\/i><\/span><\/div><h2 class=\"content-box-heading\" style=\"--h2_typography-font-size:24px;line-height:29px;\">Sec\u021bii<\/h2><\/div><div class=\"fusion-clearfix\"><\/div><div class=\"content-container\">\n<p>Medicin\u0103 Intern\u0103 (etaj 1)<br \/>\nChirurgie general\u0103 (etaj 2)<br \/>\nObstetric\u0103-ginecologie (etaj 3)<\/p>\n<\/div><\/div><\/div><div style=\"--awb-backgroundcolor:var(--awb-color2);\" class=\"fusion-column content-box-column content-box-column-2 col-lg-2 col-md-2 col-sm-2 fusion-content-box-hover \"><div class=\"col content-box-wrapper content-wrapper-background link-area-link-icon content-icon-wrapper-yes icon-hover-animation-fade\" data-animationOffset=\"top-into-view\"><div class=\"heading heading-with-icon icon-left\"><div class=\"icon\"><span style=\"height:102px;width:102px;line-height:52px;border-color:rgba(255,255,255,0);border-width:2px;border-style:solid;background-color:var(--awb-custom10);box-sizing:content-box;border-radius:50%;\"><i style=\"border-color:var(--awb-custom10);border-width:1px;background-color:var(--awb-color5);box-sizing:content-box;height:100px;width:100px;line-height:100px;border-radius:50%;position:relative;top:auto;left:auto;margin:0;border-radius:50%;font-size:50px;\" aria-hidden=\"true\" class=\"fontawesome-icon icon2-number12 circle-yes\"><\/i><\/span><\/div><h2 class=\"content-box-heading\" style=\"--h2_typography-font-size:24px;line-height:29px;\">Compartimente<\/h2><\/div><div class=\"fusion-clearfix\"><\/div><div class=\"content-container\">\n<p>COMPARTIMENTE INTEGRATE IN SECTII:<\/p>\n<ul>\n<li>Reumatologie (etaj 1)<\/li>\n<li>Gastroenterologie (etaj 1)<\/li>\n<li>Cardiologie (etaj 1)<\/li>\n<li>Cronici (etaj 1)<\/li>\n<li>Ortopedie-traumatologie (etaj 2)<br \/>\nATI (etaj 2)<\/li>\n<li>Urologie (etaj 2)<\/li>\n<li>Oftalmologie (etaj 2)<\/li>\n<li>Otorinolaringologie (etaj 2)<\/li>\n<li>Compartiment de prevenire \u015fi limitare a infec\u0163iilor asociate asisten\u0163ei medicale \u2013 CPLIAAM (etaj 3)<\/li>\n<li>Sterilizare (etaj 3)<\/li>\n<\/ul>\n<p>COMPARTIMENTE DE SINE STATATOARE:<\/p>\n<ul>\n<li>Neurologie (etaj 1)<\/li>\n<li>Neonatologia (etaj 3)<\/li>\n<li>Pediatria (etaj 4)<\/li>\n<\/ul>\n<\/div><\/div><\/div><div style=\"--awb-backgroundcolor:var(--awb-color2);\" class=\"fusion-column content-box-column content-box-column-3 col-lg-2 col-md-2 col-sm-2 fusion-content-box-hover \"><div class=\"col content-box-wrapper content-wrapper-background link-area-link-icon content-icon-wrapper-yes icon-hover-animation-fade\" data-animationOffset=\"top-into-view\"><div class=\"heading heading-with-icon icon-left\"><div class=\"icon\"><span style=\"height:102px;width:102px;line-height:52px;border-color:rgba(255,255,255,0);border-width:2px;border-style:solid;background-color:var(--awb-custom10);box-sizing:content-box;border-radius:50%;\"><i style=\"border-color:var(--awb-custom10);border-width:1px;background-color:var(--awb-color5);box-sizing:content-box;height:100px;width:100px;line-height:100px;border-radius:50%;position:relative;top:auto;left:auto;margin:0;border-radius:50%;font-size:50px;\" aria-hidden=\"true\" class=\"fontawesome-icon icon2-number16 circle-yes\"><\/i><\/span><\/div><h2 class=\"content-box-heading\" style=\"--h2_typography-font-size:24px;line-height:29px;\">Laboratoare<\/h2><\/div><div class=\"fusion-clearfix\"><\/div><div class=\"content-container\">\n<p>Laborator de radiologie \u0219i imagistic\u0103 medical\u0103 (parter)<br \/>\nLaborator de analize medicale (etaj 1)<br \/>\nLaborator de anatomie patologic\u0103 (parter)<\/p>\n<\/div><\/div><\/div><div style=\"--awb-backgroundcolor:var(--awb-color2);\" class=\"fusion-column content-box-column content-box-column-4 col-lg-2 col-md-2 col-sm-2 fusion-content-box-hover \"><div class=\"col content-box-wrapper content-wrapper-background link-area-link-icon content-icon-wrapper-yes icon-hover-animation-fade\" data-animationOffset=\"top-into-view\"><div class=\"heading heading-with-icon icon-left\"><div class=\"icon\"><span style=\"height:102px;width:102px;line-height:52px;border-color:rgba(255,255,255,0);border-width:2px;border-style:solid;background-color:var(--awb-custom10);box-sizing:content-box;border-radius:50%;\"><i style=\"border-color:var(--awb-custom10);border-width:1px;background-color:var(--awb-color5);box-sizing:content-box;height:100px;width:100px;line-height:100px;border-radius:50%;position:relative;top:auto;left:auto;margin:0;border-radius:50%;font-size:50px;\" aria-hidden=\"true\" class=\"fontawesome-icon icon2-number18 circle-yes\"><\/i><\/span><\/div><h2 class=\"content-box-heading\" style=\"--h2_typography-font-size:24px;line-height:29px;\">Camer\u0103 de gard\u0103<\/h2><\/div><div class=\"fusion-clearfix\"><\/div><div class=\"content-container\">\n<p>parter<\/p>\n<\/div><\/div><\/div><div style=\"--awb-backgroundcolor:var(--awb-color2);\" class=\"fusion-column content-box-column content-box-column-5 col-lg-2 col-md-2 col-sm-2 fusion-content-box-hover content-box-column-last-in-row\"><div class=\"col content-box-wrapper content-wrapper-background link-area-link-icon content-icon-wrapper-yes icon-hover-animation-fade\" data-animationOffset=\"top-into-view\"><div class=\"heading heading-with-icon icon-left\"><div class=\"icon\"><span style=\"height:102px;width:102px;line-height:52px;border-color:rgba(255,255,255,0);border-width:2px;border-style:solid;background-color:var(--awb-custom10);box-sizing:content-box;border-radius:50%;\"><i style=\"border-color:var(--awb-custom10);border-width:1px;background-color:var(--awb-color5);box-sizing:content-box;height:100px;width:100px;line-height:100px;border-radius:50%;position:relative;top:auto;left:auto;margin:0;border-radius:50%;font-size:50px;\" aria-hidden=\"true\" class=\"fontawesome-icon icon2-number18 circle-yes\"><\/i><\/span><\/div><h2 class=\"content-box-heading\" style=\"--h2_typography-font-size:24px;line-height:29px;\">Farmacia cu circuit inchis<\/h2><\/div><div class=\"fusion-clearfix\"><\/div><div class=\"content-container\">\n<p>parter<\/p>\n<\/div><\/div><\/div><div style=\"--awb-backgroundcolor:rgba(255,255,255,0);\" class=\"fusion-column content-box-column content-box-column-6 col-lg-2 col-md-2 col-sm-2 fusion-content-box-hover content-box-column-first-in-row content-box-column-last\"><div class=\"col content-box-wrapper content-wrapper link-area-link-icon content-icon-wrapper-yes icon-hover-animation-fade\" data-animationOffset=\"top-into-view\"><div class=\"heading icon-left\"><h2 class=\"content-box-heading\" style=\"--h2_typography-font-size:24px;line-height:29px;\">Zone administrative<\/h2><\/div><div class=\"fusion-clearfix\"><\/div><div class=\"content-container\">\n<p>Your Content Goes Here<\/p>\n<\/div><\/div><\/div><div class=\"fusion-clearfix\"><\/div><\/div><\/div><\/div><\/div><\/div><div class=\"fusion-fullwidth fullwidth-box fusion-builder-row-3 fusion-flex-container nonhundred-percent-fullwidth non-hundred-percent-height-scrolling\" style=\"--awb-border-radius-top-left:0px;--awb-border-radius-top-right:0px;--awb-border-radius-bottom-right:0px;--awb-border-radius-bottom-left:0px;--awb-flex-wrap:wrap;\" ><div class=\"fusion-builder-row fusion-row fusion-flex-align-items-flex-start fusion-flex-content-wrap\" style=\"max-width:1365px;margin-left: calc(-5% \/ 2 );margin-right: calc(-5% \/ 2 );\"><div class=\"fusion-layout-column fusion_builder_column fusion-builder-column-3 fusion_builder_column_1_2 1_2 fusion-flex-column\" style=\"--awb-bg-size:cover;--awb-width-large:50%;--awb-margin-top-large:0px;--awb-spacing-right-large:4.75%;--awb-margin-bottom-large:20px;--awb-spacing-left-large:4.75%;--awb-width-medium:50%;--awb-order-medium:0;--awb-spacing-right-medium:4.75%;--awb-spacing-left-medium:4.75%;--awb-width-small:100%;--awb-order-small:0;--awb-spacing-right-small:2.375%;--awb-spacing-left-small:2.375%;\"><div class=\"fusion-column-wrapper fusion-column-has-shadow fusion-flex-justify-content-flex-start fusion-content-layout-column\"><div class=\"fusion-text fusion-text-2\"><p><strong>Asisten\u0163a medical\u0103 \u00een Ambulatoriul de specialitate integrat spitalului are \u00een structura constructiv\u0103 urm\u0103toarele cabinete medicale:<\/strong><\/p>\n<ul>\n<li>Pediatrie<\/li>\n<li>Dispensar TBC<\/li>\n<li>BFT<\/li>\n<li>Medicin\u0103 intern\u0103<\/li>\n<li>Neurologie<\/li>\n<li>Pneumologie<\/li>\n<li>Psihiatrie<\/li>\n<li>Reumatologie<\/li>\n<li>Gastroenterologie<\/li>\n<li>Diabet zaharat, nutri\u0163ie \u015fi boli metabolice<\/li>\n<li>Chirurgie<\/li>\n<li>Oftamologie<\/li>\n<li>ORL<\/li>\n<li>Ortopedie<\/li>\n<li>Urologie<\/li>\n<li>Cardiologie<\/li>\n<li>Dermatovenerologie<\/li>\n<li>Obstetrica-ginecologie<\/li>\n<li>Planificare familial\u0103<\/li>\n<li>Imunologie si alergologie;<\/li>\n<li>Endocrinologie;<\/li>\n<li>Boli infectioase.<\/li>\n<\/ul>\n<\/div><\/div><\/div><div class=\"fusion-layout-column fusion_builder_column fusion-builder-column-4 fusion_builder_column_1_2 1_2 fusion-flex-column\" style=\"--awb-bg-size:cover;--awb-width-large:50%;--awb-margin-top-large:0px;--awb-spacing-right-large:4.75%;--awb-margin-bottom-large:20px;--awb-spacing-left-large:4.75%;--awb-width-medium:50%;--awb-order-medium:0;--awb-spacing-right-medium:4.75%;--awb-spacing-left-medium:4.75%;--awb-width-small:100%;--awb-order-small:0;--awb-spacing-right-small:2.375%;--awb-spacing-left-small:2.375%;\"><div class=\"fusion-column-wrapper fusion-column-has-shadow fusion-flex-justify-content-flex-start fusion-content-layout-column\"><div class=\"fusion-text fusion-text-3\"><p><strong>Localit\u0103\u021bile arondate Spitalului Or\u0103\u0219enesc \u201eDr. George Trifon\u201f N\u0103s\u0103ud sunt:<\/strong><\/p>\n<\/div><div class=\"fusion-text fusion-text-4 awb-text-cols fusion-text-columns-3\" style=\"--awb-columns:3;--awb-column-spacing:2em;--awb-column-min-width:100px;\"><ul>\n<li>Aluni\u0219ul,<\/li>\n<li>Anie\u0219,<\/li>\n<li>Ar\u0219i\u021ba,<\/li>\n<li>Bichigiu,<\/li>\n<li>Cepari,<\/li>\n<li>Cormaia,<\/li>\n<li>Co\u0219buc,<\/li>\n<li>Dealul \u0218tef\u0103ni\u021bei,<\/li>\n<li>Dumitra,<\/li>\n<li>Feldru,<\/li>\n<li>Fiad,<\/li>\n<li>Gersa I,<\/li>\n<li>Gersa II,<\/li>\n<li>Ilva Mare,<\/li>\n<li>Ilva Mic\u0103,<\/li>\n<li>Iv\u0103neasa,<\/li>\n<li>Le\u0219u,<\/li>\n<li>Lunca<\/li>\n<li>Ilvei,<\/li>\n<li>Lunca Le\u0219ului,<\/li>\n<li>Maieru,<\/li>\n<li>M\u0103gura<\/li>\n<li>Ilvei,<\/li>\n<li>Mintiu,<\/li>\n<li>Mititei,<\/li>\n<li>Mocod,<\/li>\n<li>N\u0103s\u0103ud,<\/li>\n<li>Nepos,<\/li>\n<li>Nimigea de Jos,<\/li>\n<li>Nimigea de Sus,<\/li>\n<li>Parva,<\/li>\n<li>Peri\u0219or,<\/li>\n<li>Poderei,<\/li>\n<li>Poiana Ilvei,<\/li>\n<li>Poienile Zagrei,<\/li>\n<li>Rebra,<\/li>\n<li>Rebri\u0219oara,<\/li>\n<li>Rodna,<\/li>\n<li>Romuli,<\/li>\n<li>Runcu Salvei,<\/li>\n<li>Salva,<\/li>\n<li>S\u00e2ngeorz-B\u0103i,<\/li>\n<li>Suplai,<\/li>\n<li>\u0218an\u021b,<\/li>\n<li>T\u0103rpiu,<\/li>\n<li>Telci\u0219or,<\/li>\n<li>Telciu,<\/li>\n<li>Valea Mare,<\/li>\n<li>Valea Vinului,<\/li>\n<li>Zagra.<\/li>\n<\/ul>\n<\/div><\/div><\/div><div class=\"fusion-layout-column fusion_builder_column fusion-builder-column-5 fusion_builder_column_1_1 1_1 fusion-flex-column\" style=\"--awb-bg-size:cover;--awb-width-large:100%;--awb-margin-top-large:0px;--awb-spacing-right-large:2.375%;--awb-margin-bottom-large:0px;--awb-spacing-left-large:2.375%;--awb-width-medium:100%;--awb-spacing-right-medium:2.375%;--awb-spacing-left-medium:2.375%;--awb-width-small:100%;--awb-spacing-right-small:2.375%;--awb-spacing-left-small:2.375%;\"><div class=\"fusion-column-wrapper fusion-flex-justify-content-flex-start fusion-content-layout-column\"><div class=\"fusion-text fusion-text-5\" style=\"--awb-content-alignment:justify;\"><p>Spitalul Or\u0103\u0219enesc \u201eDr. George Trifon\u201f N\u0103s\u0103ud are \u00een dotare \u00een principal urm\u0103toarele echipamente \u015fi aparate medicale: aparate de radiologie conven\u021bional\u0103 \u0219i digital\u0103, Echipament Rezonanta Magnetica, Computer Tomograf (CT),\u00a0 Osteodensitometru DEXA, Sistem endoscopic, Ureteroscop, ecografe, instrumentele \u015fi echipamentele necesare pentru efectuarea analizelor medicale de hematologie \u015fi biochimie, laparoscop etc.<\/p>\n<p><strong>Spitalul ora\u0219enesc \u201edr. George Trifon\u201d N\u0103s\u0103ud <\/strong>\u00a0unitate sanitar\u0103 public\u0103 este un spital de categoria a IV-a, \u00eenfiin\u0163at in baza Legii 3\/1978, art.26, schimbandu-si denumirea in forma actuala in baza ordinului MS\u00a0 92\/8.02.2003. Este acreditat conform Ordinului Pre\u015fedintelui Autorit\u0103\u0163ii Na\u0163ionale de Management al Calit\u0103\u0163ii \u00een S\u0103n\u0103tate nr.178 din 01.07.2021 incadrat in categoria a III-a.<\/p>\n<p>In 2023 cu o continuare in anul 2024, unitatea sanitara a intrat in categoria unitatilor medicale acreditate si din punctul de vedere RENAR.<\/p>\n<p>Lista acronime:<br \/>\nCJAS BN &#8211; Casa Jude\u021bean\u0103 de Asigur\u0103ri de S\u0103n\u0103tate Bistri\u021ba-N\u0103s\u0103ud.<br \/>\nATI &#8211; Anestezie \u0219i Terapie Intensiv\u0103.<br \/>\nBFT &#8211; Balneo-Fizio-Terapie.<br \/>\nORL &#8211; Oto-Rino-Laringologia.<br \/>\nANMCS &#8211; Autoritatea Na\u021bional\u0103 de Management al Calit\u0103\u021bii \u00een S\u0103n\u0103tate.<br \/>\nTBC &#8211; Tuberculoza.<\/p>\n<\/div><\/div><\/div><\/div><\/div><\/p>\n","protected":false},"excerpt":{"rendered":"","protected":false},"author":1,"featured_media":0,"parent":0,"menu_order":0,"comment_status":"closed","ping_status":"closed","template":"100-width.php","meta":{"footnotes":""},"class_list":["post-2268","page","type-page","status-publish","hentry"],"_links":{"self":[{"href":"https:\/\/spitalnasaud.ro\/index.php?rest_route=\/wp\/v2\/pages\/2268","targetHints":{"allow":["GET"]}}],"collection":[{"href":"https:\/\/spitalnasaud.ro\/index.php?rest_route=\/wp\/v2\/pages"}],"about":[{"href":"https:\/\/spitalnasaud.ro\/index.php?rest_route=\/wp\/v2\/types\/page"}],"author":[{"embeddable":true,"href":"https:\/\/spitalnasaud.ro\/index.php?rest_route=\/wp\/v2\/users\/1"}],"replies":[{"embeddable":true,"href":"https:\/\/spitalnasaud.ro\/index.php?rest_route=%2Fwp%2Fv2%2Fcomments&post=2268"}],"version-history":[{"count":2,"href":"https:\/\/spitalnasaud.ro\/index.php?rest_route=\/wp\/v2\/pages\/2268\/revisions"}],"predecessor-version":[{"id":8372,"href":"https:\/\/spitalnasaud.ro\/index.php?rest_route=\/wp\/v2\/pages\/2268\/revisions\/8372"}],"wp:attachment":[{"href":"https:\/\/spitalnasaud.ro\/index.php?rest_route=%2Fwp%2Fv2%2Fmedia&parent=2268"}],"curies":[{"name":"wp","href":"https:\/\/api.w.org\/{rel}","templated":true}]}}