{"id":3,"date":"2022-07-23T11:51:27","date_gmt":"2022-07-23T11:51:27","guid":{"rendered":"https:\/\/spitalnasaud.ro\/?page_id=3"},"modified":"2024-02-26T13:55:25","modified_gmt":"2024-02-26T11:55:25","slug":"privacy-policy","status":"publish","type":"page","link":"https:\/\/spitalnasaud.ro\/?page_id=3","title":{"rendered":"Politica de confidentialitate"},"content":{"rendered":"<h1>CONFIDEN\u021aIALITATEA DATELOR <\/h1>\n<p>\u00ce\u021bi mul\u021bumim c\u0103 vizitezi site-ul nostru. Scopul acestei Politici de confiden\u021bialitate este s\u0103 \u00ee\u021bi explice ce date prelucr\u0103m, de ce le prelucr\u0103m \u0219i ce facem cu ele. \u00ce\u021bi lu\u0103m \u00een serios confiden\u021bialitatea \u0219i nu vindem niciodat\u0103 liste sau adrese de e-mail. Fiind pe deplin con\u0219tien\u021bi de faptul c\u0103 informa\u021biile tale personale \u00ee\u021bi apar\u021bin, facem tot posibilul s\u0103 le stoc\u0103m \u00een siguran\u021b\u0103 \u0219i s\u0103 proces\u0103m cu aten\u021bie informa\u021biile pe care le \u00eempar\u021bi cu noi. Nu oferim informa\u021bii unor p\u0103r\u021bi ter\u021be f\u0103r\u0103 a te informa. Aceste informa\u021bii sunt importante. Sper\u0103m c\u0103 le vei citi cu aten\u021bie.<\/p>\n<p>Prin navigarea pe site-ul spitalnasaud.ro, c\u00e2nd ne contactezi, ne \u00eencredin\u021bezi informa\u021biile tale \u0219i declari c\u0103 ai fost informat \u00een mod adecvat asupra prelucr\u0103rii datelor prin parcurgerea acestui document, denumit \u201ePolitic\u0103 de confiden\u021bialitate\u201d.<\/p>\n<h2>DEFINI\u021aII<\/h2>\n<p>Vom \u00eencepe s\u0103 definim c\u00e2teva no\u021biuni care s\u0103 te ajute s\u0103 \u00een\u021belegi prezenta Politic\u0103 de confiden\u021bialitate. <br \/>spitalnasaud.ro (sau \u201eSite-ul\u201d) este un site de prezentare oferit prin intermediul URL-ului https:\/\/www.spitalnasaud.ro\/. spitalnasaud.ro este de\u021binut \u0219i administrat de Spitalul Or\u0103\u0219enesc \u201cDr. George Trifon\u201d N\u0103s\u0103ud cu sediul social Str. Tudor Vladimirescu nr. 1, cod po\u0219tal 425200, N\u0103s\u0103ud, jud. Bistri\u021ba-N\u0103s\u0103ud in continuare Spitalul Or\u0103\u0219enesc \u201cDr. George Trifon\u201d N\u0103s\u0103ud <\/p>\n<p>Potrivit Legii nr. 677\/2001 \u0219i a Regulamentului (UE) 679\/2016 (aplicabil \u00een Rom\u00e2nia din 25 mai 2018), Spitalul Or\u0103\u0219enesc \u201cDr. George Trifon\u201d N\u0103s\u0103ud este operator de date cu caracter personal. <\/p>\n<p>C\u00e2nd spunem \u201eGDPR\u201d ne referim la Regulamentul (UE) 679\/2016 privind protec\u021bia persoanelor fizice \u00een ceea ce prive\u0219te prelucrarea datelor cu caracter personal \u0219i privind libera circula\u021bie a acestor date \u0219i de abrogare a Directivei 95\/46\/CE. <\/p>\n<p>\u201edate cu caracter personal\u201d \u00eenseamn\u0103 orice informa\u021bii privind o persoan\u0103 fizic\u0103 identificat\u0103 sau identificabil\u0103 (\u201epersoana vizat\u0103\u201d); <\/p>\n<p>Potrivit legisla\u021biei, tu, \u00een calitate de vizitator al site-ului e\u0219ti o \u201epersoan\u0103 vizat\u0103\u201d, adic\u0103 o persoan\u0103 fizic\u0103 identificat\u0103 sau identificabil\u0103. O persoan\u0103 fizic\u0103 identificabil\u0103 este o persoan\u0103 care poate fi identificat\u0103, direct sau indirect, \u00een special prin referire la un element de identificare, cum ar fi un nume, un num\u0103r de identificare, date de localizare, un identificator online, sau la unul sau mai multe elemente specifice, proprii identit\u0103\u021bii sale fizice, fiziologice, genetice, psihice, economice, culturale sau sociale. <\/p>\n<h2>SCHIMB\u0102RI<\/h2>\n<p>Putem schimba aceast\u0103 Politic\u0103 de confiden\u021bialitate \u00een orice moment. Toate actualiz\u0103rile \u0219i modific\u0103rile prezentei Politici sunt valabile imediat dup\u0103 notificare, pe care o vom realiza prin afi\u0219are pe site \u0219i\/sau notificare pe email. <\/p>\n<h2>\u00ceNTREB\u0102RI \u0218I SOLICIT\u0102RI<\/h2>\n<p>Dac\u0103 ai \u00eentreb\u0103ri sau nel\u0103muriri cu privire la prelucrarea datelor tale sau dore\u0219ti s\u0103 \u00ee\u021bi exerci\u021bi drepturile legale \u00een leg\u0103tur\u0103 cu datele pe care le de\u021binem sau dac\u0103 ai \u00eengrijor\u0103ri cu privire la modul \u00een care trat\u0103m orice problem\u0103 de confiden\u021bialitate, ne po\u021bi scrie la adresa de e-mail: protectiadatelor@spitalnasaud.ro. <\/p>\n<h2>CE FEL DE INFORMA\u021aII COLECT\u0102M?<\/h2>\n<p><em>a) Informa\u021biile pe care ni le furnizezi voluntar<\/em> <\/p>\n<p>formularul de contact de pe site sau c\u00e2nd ne contactezi prin telefon sau e-mail sau comunici cu noi \u00een orice mod, ne dai \u00een mod voluntar informa\u021biile pe care prelucr\u0103m. Aceste informa\u021bii includ numele, prenumele, adresa de email, num\u0103rul de telefon. <\/p>\n<p>Oferindu-ne aceste informa\u021bii, noi le p\u0103str\u0103m \u00een condi\u021bii de securitate \u0219i confiden\u021bialitate \u00een baza noastr\u0103 de date. Nu dezv\u0103luim sau transfer\u0103m informa\u021bii c\u0103tre ter\u021bi. <\/p>\n<p><em>b) Informa\u021bii pe care le colect\u0103m automat<\/em> <\/p>\n<p>C\u00e2nd navighezi pe site-ul nostru, este posibil s\u0103 colect\u0103m informa\u021bii despre vizita ta pe site. Aceste informa\u021bii pot include adresa IP, sistemul de operare, browserul, activitatea de navigare \u0219i alte informa\u021bii despre modul \u00een care ai interac\u021bionat cu site-ul. Putem colecta aceste informa\u021bii prin folosirea cookie-urilor (vezi Politica de utilizare a cookie-urilor) sau a altor tehnologii de similare. <\/p>\n<h2>CARE ESTE TEMEIUL LEGAL PENTRU PRELUCRARE?<\/h2>\n<p>\u00cen privin\u021ba datelor pe care ni le oferi voluntar prin completarea \u0219i trimiterea formularului aferent sau prin contactarea noastr\u0103 \u00een orice mod, temeiul legal este \u201eluarea unor m\u0103suri la cererea persoanei vizate \u00eenaintea \u00eencheierii unui contract\u201d (art. 5 alin. 2 lit. (a) din Legea nr. 677\/2001) \u0219i \u201epentru a face demersuri la cererea persoanei vizate \u00eenainte de \u00eencheierea unui contract\u201d (art. 6 alin. (1) lit. b din Regulamentul (UE) 679\/2016). <\/p>\n<p>\u00cen privin\u021ba datelor pe care ni le oferi voluntar prin postarea unui comentariu la un articol de pe blog este obliga\u021bia noastr\u0103 legal\u0103 de a sprijini exercitarea dreptului de informare, dar \u0219i interesul nostru legitim de a oferi vizitatorilor site-lui transparen\u021b\u0103 \u0219i informare. <\/p>\n<p>At\u00e2t potrivit legisla\u021biei actuale, c\u00e2t \u0219i potrivit GDPR (aplicabil din 25 mai 2018), consim\u021b\u0103m\u00e2ntul t\u0103u nu este cerut \u00een situa\u021bia \u00een care prelucrarea este necesar\u0103 pentru efectuarea de demersuri pentru \u00eencheierea unui contract, \u00eendeplinirea unei obliga\u021bii legale sau interesul legitim. <\/p>\n<p>\u00cen privin\u021ba datelor pe care le colect\u0103m automat prin folosirea cookie-urilor sau a altor tehnologii similare, temeiul pentru prelucrare este consim\u021b\u0103m\u00e2ntul. Odat\u0103 cu accesarea site-ului, \u00ee\u021bi dai \u00een mod valabil consim\u021b\u0103m\u00e2ntul asupra prelucr\u0103rii. <\/p>\n<h2>\u00ceN CE SCOPURI COLECT\u0102M DATELE?<\/h2>\n<p>pentru a-\u021bi r\u0103spunde la \u00eentreb\u0103ri \u0219i solicit\u0103ri; pentru a ne ap\u0103ra \u00eempotriva atacurilor cibernetice; \u00een scop marketing, \u00eens\u0103 numai \u00een situa\u021bia \u00een care \u021bi-ai dat consim\u021b\u0103m\u00e2ntul \u00een prealabil. pentru a oferi \u0219i \u00eembun\u0103t\u0103\u021bii serviciile pe care le oferim. <\/p>\n<h2>C\u00c2T TIMP STOC\u0102M DATELE?<\/h2>\n<p>Stoc\u0103m datele cu caracter personal doar pe perioada necesar\u0103 \u00eendeplinirii scopurilor. <\/p>\n<h2>CUM DEZV\u0102LUIM INFORMA\u021aIILE TALE? <\/h2>\n<p>Nu vom dezv\u0103lui informa\u021biile tale c\u0103tre ter\u021be p\u0103r\u021bi, pentru a fi utilizate \u00een propriile scopuri de marketing sau comerciale ale acestora, f\u0103r\u0103 consim\u021b\u0103m\u00e2ntul t\u0103u. Totu\u0219i, este posibil s\u0103 dezv\u0103luim informa\u021biile tale c\u0103tre urm\u0103toarele entit\u0103\u021bi: <\/p>\n<p>Furnizori de servicii. Putem dezv\u0103lui informa\u021biile tale altor companii care ne furnizeaz\u0103 servicii \u0219i\/sau ac\u021bioneaz\u0103 \u00een calitate de persoane \u00eemputernicite sau care trimit e-mailuri \u00een numele nostru, precum \u0219i companiilor de marketing,analiz\u0103 \u0219i securitate cum ar fi Google, Facebook, Instagram, Yoast SEO \u0219i Wordfence . Aceste entit\u0103\u021bi sunt selectate cu o grij\u0103 deosebit\u0103 pentru a ne asigura c\u0103 \u00eendeplinesc cerin\u021bele specifice \u00een materie de protec\u021bie a datelor cu caracter personal. Aceste entit\u0103\u0163i au o capacitate limitat\u0103 de a utiliza informa\u021biile tale \u00een alte scopuri dec\u00e2t cel de a ne furniza servicii; <\/p>\n<p>Altor p\u0103r\u0163i cu consim\u0163\u0103m\u00e2ntul sau la instruc\u0163iunile tale. \u00cen afara dezv\u0103luirilor descrise \u00een prezenta Politic\u0103 de confiden\u0163ialitate, este posibil s\u0103 transmitem informa\u0163iile ter\u0163ilor c\u0103rora consim\u0163i sau solici\u021bi s\u0103 efectu\u0103m o asemenea dezv\u0103luire. <\/p>\n<h2>SECURITATEA DATELOR PERSONALE \u0218I A INFORMA\u021aIILOR <\/h2>\n<p>Datele personale introduse de c\u0103tre utilizator vor fi folosite de Spitalul Or\u0103\u0219enesc \u201cDr. George Trifon\u201d N\u0103s\u0103ud numai \u00een scopul declarat al acestui site. Informa\u021biile din formularul de contact nu vor fi furnizate unei ter\u021be p\u0103r\u021bi. Spitalul Or\u0103\u0219enesc \u201cDr. George Trifon\u201d N\u0103s\u0103ud garanteaz\u0103 confiden\u021bialitatea informa\u021bilor personale ale utilizatorilor. Aceste date nu exist\u0103 fizic pe serverele pe care ruleaz\u0103 site-ul www.spitalnasaud.ro, ele fiind accesibile numai de c\u0103tre personalul autorizat prin re\u021beaua intern\u0103. Fiecare utilizator are dreptul de a vedea numai propriile sale date personale pe care le-a introdus. <\/p>\n<p>Site-ul www.spitalnasaud.ro folose\u0219te m\u0103suri de securitate \u00eempotriv\u0103 pierderii, alter\u0103rii sau folosirii gre\u0219ite a informa\u021biilor care se afl\u0103 \u00een controlul nostru. \u00cen cazul pierderii de informa\u021bii cauzate de \u201cbug\u201d-uri, erori ale softului cu care este conceput \u0219i g\u0103zduit site-ul www.spitalnasaud.ro sau \u00een urma unui atac cibernetic Spitalul Or\u0103\u0219enesc \u201cDr. George Trifon\u201d N\u0103s\u0103ud nu-\u0219i asum\u0103 nici o responsabilitate. <\/p>\n<h2>TRANSFER\u0102M DATE C\u0102TRE STATE TER\u021aE? <\/h2>\n<p>\u00cen prezent, nu transfer\u0103m datele tale c\u0103tre state din afara Uniunii Europene. Dac\u0103 vom schimba politica, te vom informa \u00een mod corespunz\u0103tor, \u00ee\u021bi vom prezenta garan\u021biile aferente \u0219i \u00ee\u021bi vom solicita consim\u021b\u0103m\u00e2ntul. <\/p>\n<h2>CARE SUNT DREPTURILE TALE? <\/h2>\n<p>Dreptul de retragere a consim\u021b\u0103m\u00e2ntului; <\/p>\n<p>\u00cen situa\u021bia \u00een care prelucrarea se bazeaz\u0103 pe consim\u021b\u0103m\u00e2nt, \u00ee\u021bi po\u021bi retrage consim\u021b\u0103m\u00e2ntul \u00een orice moment \u0219i \u00een mod gratuit prin transmiterea unui e-mail pe adresa protectiadatelor@spitalnasaud.ro cu subiectul \u201eretragere consim\u021b\u0103m\u00e2nt\u201d. <\/p>\n<p>Dreptul de a depune o pl\u00e2ngere \u00een fa\u021ba unei autorit\u0103\u021bi de supraveghere; <\/p>\n<p>Dreptul de a te adresa justi\u021biei; <\/p>\n<p>Dreptul de acces; <\/p>\n<p>Ai dreptul de a ob\u021bine din partea noastr\u0103 o confirmare c\u0103 se prelucreaz\u0103 sau nu date cu caracter personal care te privesc \u0219i, \u00een caz afirmativ, ai dreptul de acces la datele respective. Dreptul la rectificare; Ai dreptul de a ob\u021bine de la noi, f\u0103r\u0103 \u00eent\u00e2rzieri nejustificate, rectificarea datelor cu caracter personal inexacte care te privesc. \u021ain\u00e2ndu-se seama de scopurile \u00een care au fost prelucrate datele, ai dreptul de a ob\u021bine completarea datelor cu caracter personal care sunt incomplete, inclusiv prin furnizarea unei declara\u021bii suplimentare. <\/p>\n<p>Dreptul la \u0219tergerea datelor (\u201edreptul de a fi uitat\u201d); <\/p>\n<p>\u00cen situa\u021biile \u00een care (1) datele nu mai sunt necesare pentru \u00eendeplinirea scopurilor, (2) s-a retras consim\u021b\u0103m\u00e2ntul \u0219i nu exist\u0103 un alt temei juridic pentru prelucrare, (3) te opui prelucr\u0103rii \u0219i nu exist\u0103 motive legitime care s\u0103 prevaleze \u00een ceea ce prive\u0219te prelucrarea sau (4) datele cu caracter<\/p>\n<p>personal au fost prelucrate ilegal, ai dreptul de a ob\u021bine \u0219tergerea datelor care te privesc, f\u0103r\u0103 \u00eent\u00e2rzieri nejustificate. <\/p>\n<p>Dreptul la restric\u021bionarea prelucr\u0103rii; <\/p>\n<p>Ai dreptul de a ob\u021bine din partea noastr\u0103 restric\u021bionarea prelucr\u0103rii \u00een cazul \u00een care se aplic\u0103 unul din urm\u0103toarele cazuri: <\/p>\n<p>(a) conte\u0219ti exactitatea datelor, pentru o perioad\u0103 care ne permite nou\u0103 s\u0103 verific\u0103m exactitatea datelor; <\/p>\n<p>(b) prelucrarea este ilegal\u0103, iar tu te opui \u0219tergerii datelor cu caracter personal, solicit\u00e2nd \u00een schimb <br \/>restric\u021bionarea utiliz\u0103rii lor; <\/p>\n<p>(c) nu mai avem nevoie de datele cu caracter personal \u00een scopul prelucr\u0103rii, dar tu ni le solici\u021bi pentru constatarea, exercitarea sau ap\u0103rarea unui drept \u00een instan\u021b\u0103; <\/p>\n<p>(d) te-ai opus prelucr\u0103rii \u00een conformitate cu articolul 21 alineatul (1) din GDPR, pentru intervalul de timp \u00een care se verific\u0103 dac\u0103 drepturile noastre legitime prevaleaz\u0103 asupra drepturilor tale. <\/p>\n<p>Dreptul la portabilitatea sau desc\u0103rcarea datelor <\/p>\n<p>Ai dreptul de a primi datele cu caracter personal care te privesc \u0219i pe care ni le-ai furnizat \u00eentr-un format structurat, utilizat \u00een mod curent \u0219i care poate fi citit automat \u0219i ai dreptul de a transmite aceste date altui operator, f\u0103r\u0103 obstacole din partea noastr\u0103, \u00een cazul \u00een care: <\/p>\n<p>(a) prelucrarea se bazeaz\u0103 pe consim\u021b\u0103m\u00e2nt \u00een temeiul articolului 6 alineatul (1) litera (a) sau al articolului 9 alineatul (2) litera (a) din GDPR sau pe un contract \u00een temeiul articolului 6 alineatul (1) litera (b) din GDPR; \u0219i <\/p>\n<p>(b) prelucrarea este efectuat\u0103 prin mijloace automate. <\/p>\n<p>Dreptul de a nu face obiectul unei decizii bazate exclusiv pe prelucrarea automat\u0103, inclusiv crearea de profiluri, care produce efecte juridice care te privesc sau te afecteaz\u0103 \u00een mod similar \u00eentr-o m\u0103sur\u0103 semnificativ\u0103 Nu ai acest drept \u00een cazul \u00een care decizia: <\/p>\n<p>(a) este necesar\u0103 pentru \u00eencheierea sau executarea unui contract \u00eentre tine \u0219i un operator de date; <\/p>\n<p>(b) este autorizat\u0103 prin dreptul Uniunii sau dreptul intern care se aplic\u0103 operatorului \u0219i care prevede, de asemenea, m\u0103suri corespunz\u0103toare pentru protejarea drepturilor, libert\u0103\u021bilor \u0219i intereselor legitime ale persoanei vizate; sau <\/p>\n<p>(c) are la baz\u0103 consim\u021b\u0103m\u00e2ntul t\u0103u explicit. <\/p>\n<h2>TE RUG\u0102M S\u0102 RE\u021aII URM\u0102TOARELE: <\/h2>\n<p>Perioada de timp: Vom \u00eencerca s\u0103 r\u0103spundem solicit\u0103rii \u00een termen de 30 de zile. Cu toate acestea, termenul poate fi prelungit din motive specifice legate de dreptul legal specific sau complexitatea cererii tale. <\/p>\n<p>Restric\u021bionarea accesului: \u00een anumite situa\u021bii, este posibil s\u0103 nu v\u0103 putem oferi acces la toate sau la unele dintre datele tale personale datorit\u0103 dispozi\u021biilor legale. Dac\u0103 refuz\u0103m cererea ta de acces, te vom informa despre motivul refuzului. <\/p>\n<p>Imposibilitatea de a te identifica <\/p>\n<p>\u00cen unele cazuri, este posibil s\u0103 nu putem c\u0103uta datele tale personale din cauza identificatorilor pe care \u00eei furnizezi \u00een solicitarea ta. Un exemplu de date cu caracter personal pe care nu le putem consulta atunci c\u00e2nd ne furnizezi numele \u0219i adresa de e-mail sunt datele colectate prin cookie-uri de browser. <\/p>\n<p>\u00cen astfel de cazuri, \u00een cazul \u00een care nu te putem identifica ca persoan\u0103 vizat\u0103, nu suntem \u00een m\u0103sur\u0103 s\u0103 ne conform\u0103m solicit\u0103rii tale, cu excep\u021bia cazului \u00een care furnizezi informa\u021bii suplimentare care s\u0103 permit\u0103 identificarea. <\/p>\n<p>Ai ajuns la sf\u00e2r\u0219it. \u00ce\u021bi mul\u021bumim c\u0103 \u021bi-ai f\u0103cut timp s\u0103 afli despre Politica de confiden\u021bialitate a Spitalului Or\u0103\u0219enesc \u201cDr. George Trifon\u201d N\u0103s\u0103ud <\/p>\n","protected":false},"excerpt":{"rendered":"<p>CONFIDEN\u021aIALITATEA DATELOR \u00ce\u021bi mul\u021bumim c\u0103 vizitezi site-ul nostru. Scopul acestei  [&#8230;]<\/p>\n","protected":false},"author":1,"featured_media":0,"parent":0,"menu_order":0,"comment_status":"closed","ping_status":"open","template":"","meta":{"footnotes":""},"class_list":["post-3","page","type-page","status-publish","hentry"],"_links":{"self":[{"href":"https:\/\/spitalnasaud.ro\/index.php?rest_route=\/wp\/v2\/pages\/3","targetHints":{"allow":["GET"]}}],"collection":[{"href":"https:\/\/spitalnasaud.ro\/index.php?rest_route=\/wp\/v2\/pages"}],"about":[{"href":"https:\/\/spitalnasaud.ro\/index.php?rest_route=\/wp\/v2\/types\/page"}],"author":[{"embeddable":true,"href":"https:\/\/spitalnasaud.ro\/index.php?rest_route=\/wp\/v2\/users\/1"}],"replies":[{"embeddable":true,"href":"https:\/\/spitalnasaud.ro\/index.php?rest_route=%2Fwp%2Fv2%2Fcomments&post=3"}],"version-history":[{"count":0,"href":"https:\/\/spitalnasaud.ro\/index.php?rest_route=\/wp\/v2\/pages\/3\/revisions"}],"wp:attachment":[{"href":"https:\/\/spitalnasaud.ro\/index.php?rest_route=%2Fwp%2Fv2%2Fmedia&parent=3"}],"curies":[{"name":"wp","href":"https:\/\/api.w.org\/{rel}","templated":true}]}}