{"id":4050,"date":"2022-08-06T03:57:37","date_gmt":"2022-08-06T03:57:37","guid":{"rendered":"https:\/\/spitalnasaud.ro\/?page_id=4050"},"modified":"2022-08-06T04:32:43","modified_gmt":"2022-08-06T04:32:43","slug":"recuperarea-activa-a-pacientului","status":"publish","type":"page","link":"https:\/\/spitalnasaud.ro\/?page_id=4050","title":{"rendered":"Educa\u021bie \u0219i preven\u021bie"},"content":{"rendered":"<div class=\"fusion-fullwidth fullwidth-box fusion-builder-row-1 fusion-flex-container has-pattern-background has-mask-background nonhundred-percent-fullwidth non-hundred-percent-height-scrolling\" style=\"--awb-border-radius-top-left:0px;--awb-border-radius-top-right:0px;--awb-border-radius-bottom-right:0px;--awb-border-radius-bottom-left:0px;--awb-flex-wrap:wrap;\" ><div class=\"fusion-builder-row fusion-row fusion-flex-align-items-flex-start fusion-flex-content-wrap\" style=\"max-width:1365px;margin-left: calc(-5% \/ 2 );margin-right: calc(-5% \/ 2 );\"><div class=\"fusion-layout-column fusion_builder_column fusion-builder-column-0 fusion_builder_column_1_1 1_1 fusion-flex-column\" style=\"--awb-bg-size:cover;--awb-width-large:100%;--awb-margin-top-large:0px;--awb-spacing-right-large:2.375%;--awb-margin-bottom-large:20px;--awb-spacing-left-large:2.375%;--awb-width-medium:100%;--awb-order-medium:0;--awb-spacing-right-medium:2.375%;--awb-spacing-left-medium:2.375%;--awb-width-small:100%;--awb-order-small:0;--awb-spacing-right-small:2.375%;--awb-spacing-left-small:2.375%;\"><div class=\"fusion-column-wrapper fusion-column-has-shadow fusion-flex-justify-content-flex-start fusion-content-layout-column\"><div ><a class=\"fusion-button button-flat fusion-button-default-size button-custom fusion-button-default button-1 fusion-button-default-span fusion-button-default-type\" style=\"--button_accent_color:var(--awb-color1);--button_accent_hover_color:var(--awb-color1);--button_border_hover_color:var(--awb-color1);--button_gradient_top_color:var(--awb-custom_color_1);--button_gradient_bottom_color:var(--awb-custom_color_1);--button_gradient_top_color_hover:var(--awb-color7);--button_gradient_bottom_color_hover:var(--awb-color7);\" target=\"_blank\" rel=\"noopener noreferrer\" href=\"https:\/\/spitalnasaud.ro\/wp-content\/uploads\/2022\/08\/recuperare-activa-a-pacientului.pdf\"><span class=\"fusion-button-text awb-button__text awb-button__text--default\">1. Informa\u021bii privind recuperarea activ\u0103 a pacientului<\/span><\/a><\/div><div class=\"fusion-text fusion-text-1\"><p>\u00a0<\/p>\n<\/div><div ><a class=\"fusion-button button-flat fusion-button-default-size button-custom fusion-button-default button-2 fusion-button-default-span fusion-button-default-type\" style=\"--button_accent_color:var(--awb-color1);--button_accent_hover_color:var(--awb-color1);--button_border_hover_color:var(--awb-color1);--button_gradient_top_color:var(--awb-custom_color_1);--button_gradient_bottom_color:var(--awb-custom_color_1);--button_gradient_top_color_hover:var(--awb-color7);--button_gradient_bottom_color_hover:var(--awb-color7);\" target=\"_self\" href=\"https:\/\/spitalnasaud.ro\/wp-content\/uploads\/2022\/08\/spalarea-mainilor-2-higimag.ro_.jpg\"><span class=\"fusion-button-text awb-button__text awb-button__text--default\">2. Sp\u0103larea corect\u0103 a m\u00e2inilor<\/span><\/a><\/div><div class=\"fusion-text fusion-text-2\"><p>\u00a0<\/p>\n<\/div><div ><a class=\"fusion-button button-flat fusion-button-default-size button-custom fusion-button-default button-3 fusion-button-default-span fusion-button-default-type\" style=\"--button_accent_color:var(--awb-color1);--button_accent_hover_color:var(--awb-color1);--button_border_hover_color:var(--awb-color1);--button_gradient_top_color:var(--awb-custom_color_1);--button_gradient_bottom_color:var(--awb-custom_color_1);--button_gradient_top_color_hover:var(--awb-color7);--button_gradient_bottom_color_hover:var(--awb-color7);\" target=\"_blank\" rel=\"noopener noreferrer\" href=\"https:\/\/spitalnasaud.ro\/wp-content\/uploads\/2022\/08\/Prevenirea-escarelor-de-decubit.pdf\"><span class=\"fusion-button-text awb-button__text awb-button__text--default\">3. Prevenirea escarelor de decubit<\/span><\/a><\/div><div class=\"fusion-text fusion-text-3\"><p>\u00a0<\/p>\n<\/div><div ><a class=\"fusion-button button-flat fusion-button-default-size button-custom fusion-button-default button-4 fusion-button-default-span fusion-button-default-type\" style=\"--button_accent_color:var(--awb-color1);--button_accent_hover_color:var(--awb-color1);--button_border_hover_color:var(--awb-color1);--button_gradient_top_color:var(--awb-custom_color_1);--button_gradient_bottom_color:var(--awb-custom_color_1);--button_gradient_top_color_hover:var(--awb-color7);--button_gradient_bottom_color_hover:var(--awb-color7);\" target=\"_blank\" rel=\"noopener noreferrer\" href=\"https:\/\/spitalnasaud.ro\/wp-content\/uploads\/2022\/08\/Cum-folosim-masca-de-protectie-Coronavirus.pdf\"><span class=\"fusion-button-text awb-button__text awb-button__text--default\">4. Informa\u021bii privind modul de folosire a m\u0103\u0219tii (Coronavirus)<\/span><\/a><\/div><div class=\"fusion-text fusion-text-4\"><p>\u00a0<\/p>\n<\/div><div ><a class=\"fusion-button button-flat fusion-button-default-size button-custom fusion-button-default button-5 fusion-button-default-span fusion-button-default-type\" style=\"--button_accent_color:var(--awb-color1);--button_accent_hover_color:var(--awb-color1);--button_border_hover_color:var(--awb-color1);--button_gradient_top_color:var(--awb-custom_color_1);--button_gradient_bottom_color:var(--awb-custom_color_1);--button_gradient_top_color_hover:var(--awb-color7);--button_gradient_bottom_color_hover:var(--awb-color7);\" target=\"_blank\" rel=\"noopener noreferrer\" href=\"https:\/\/spitalnasaud.ro\/wp-content\/uploads\/2022\/08\/Masuri-de-preventie-in-contextul-Coronavirusului.pdf\"><span class=\"fusion-button-text awb-button__text awb-button__text--default\">5. M\u0103suri de preven\u021bie \u00een contextul Coronavirusului<\/span><\/a><\/div><\/div><\/div><\/div><\/div>\n","protected":false},"excerpt":{"rendered":"","protected":false},"author":1,"featured_media":0,"parent":3918,"menu_order":0,"comment_status":"closed","ping_status":"closed","template":"100-width.php","meta":{"footnotes":""},"class_list":["post-4050","page","type-page","status-publish","hentry"],"_links":{"self":[{"href":"https:\/\/spitalnasaud.ro\/index.php?rest_route=\/wp\/v2\/pages\/4050","targetHints":{"allow":["GET"]}}],"collection":[{"href":"https:\/\/spitalnasaud.ro\/index.php?rest_route=\/wp\/v2\/pages"}],"about":[{"href":"https:\/\/spitalnasaud.ro\/index.php?rest_route=\/wp\/v2\/types\/page"}],"author":[{"embeddable":true,"href":"https:\/\/spitalnasaud.ro\/index.php?rest_route=\/wp\/v2\/users\/1"}],"replies":[{"embeddable":true,"href":"https:\/\/spitalnasaud.ro\/index.php?rest_route=%2Fwp%2Fv2%2Fcomments&post=4050"}],"version-history":[{"count":0,"href":"https:\/\/spitalnasaud.ro\/index.php?rest_route=\/wp\/v2\/pages\/4050\/revisions"}],"up":[{"embeddable":true,"href":"https:\/\/spitalnasaud.ro\/index.php?rest_route=\/wp\/v2\/pages\/3918"}],"wp:attachment":[{"href":"https:\/\/spitalnasaud.ro\/index.php?rest_route=%2Fwp%2Fv2%2Fmedia&parent=4050"}],"curies":[{"name":"wp","href":"https:\/\/api.w.org\/{rel}","templated":true}]}}