{"id":4432,"date":"2022-08-10T09:48:27","date_gmt":"2022-08-10T09:48:27","guid":{"rendered":"https:\/\/spitalnasaud.ro\/?page_id=4432"},"modified":"2022-08-10T10:17:12","modified_gmt":"2022-08-10T10:17:12","slug":"stiri-si-evenimente","status":"publish","type":"page","link":"https:\/\/spitalnasaud.ro\/?page_id=4432","title":{"rendered":"\u0218tiri \u0219i evenimente"},"content":{"rendered":"<div class=\"fusion-fullwidth fullwidth-box fusion-builder-row-1 fusion-flex-container has-pattern-background has-mask-background nonhundred-percent-fullwidth non-hundred-percent-height-scrolling\" style=\"--awb-border-radius-top-left:0px;--awb-border-radius-top-right:0px;--awb-border-radius-bottom-right:0px;--awb-border-radius-bottom-left:0px;--awb-flex-wrap:wrap;\" ><div class=\"fusion-builder-row fusion-row fusion-flex-align-items-flex-start fusion-flex-content-wrap\" style=\"max-width:1365px;margin-left: calc(-5% \/ 2 );margin-right: calc(-5% \/ 2 );\"><div class=\"fusion-layout-column fusion_builder_column fusion-builder-column-0 fusion_builder_column_1_1 1_1 fusion-flex-column\" style=\"--awb-bg-size:cover;--awb-width-large:100%;--awb-margin-top-large:0px;--awb-spacing-right-large:2.375%;--awb-margin-bottom-large:20px;--awb-spacing-left-large:2.375%;--awb-width-medium:100%;--awb-order-medium:0;--awb-spacing-right-medium:2.375%;--awb-spacing-left-medium:2.375%;--awb-width-small:100%;--awb-order-small:0;--awb-spacing-right-small:2.375%;--awb-spacing-left-small:2.375%;\"><div class=\"fusion-column-wrapper fusion-column-has-shadow fusion-flex-justify-content-flex-start fusion-content-layout-column\"><div class=\"fusion-blog-shortcode fusion-blog-shortcode-1 fusion-blog-archive fusion-blog-layout-medium fusion-blog-pagination\"><div class=\"fusion-posts-container fusion-posts-container-pagination fusion-blog-rollover\" data-pages=\"2\"><article id=\"blog-1-post-8095\" class=\"fusion-post-medium post-8095 post type-post status-publish format-standard has-post-thumbnail hentry category-stiri-si-noutati\">\n\t<style type=\"text\/css\">\n\t\t\n\t\t\n\t\t\n\t\t\n\t\t\t<\/style>\n\n\n\t\t\t<div class=\"fusion-flexslider flexslider fusion-flexslider-loading fusion-post-slideshow\" style=\"\">\n\t\t<ul class=\"slides\">\n\t\t\t\n\t\t\t\t\t\t\t\t\t\t\t\t\t\t<li><div  class=\"fusion-image-wrapper fusion-image-size-fixed\" aria-haspopup=\"true\">\n\t\t\t\t<img decoding=\"async\" width=\"320\" height=\"202\" src=\"https:\/\/spitalnasaud.ro\/wp-content\/uploads\/2022\/08\/stiri-3-320x202.jpg\" class=\"attachment-blog-medium size-blog-medium lazyload wp-post-image\" alt=\"\" srcset=\"data:image\/svg+xml,%3Csvg%20xmlns%3D%27http%3A%2F%2Fwww.w3.org%2F2000%2Fsvg%27%20width%3D%272560%27%20height%3D%271548%27%20viewBox%3D%270%200%202560%201548%27%3E%3Crect%20width%3D%272560%27%20height%3D%271548%27%20fill-opacity%3D%220%22%2F%3E%3C%2Fsvg%3E\" data-orig-src=\"https:\/\/spitalnasaud.ro\/wp-content\/uploads\/2022\/08\/stiri-3-320x202.jpg\" data-srcset=\"https:\/\/spitalnasaud.ro\/wp-content\/uploads\/2022\/08\/stiri-3-320x202.jpg 320w, https:\/\/spitalnasaud.ro\/wp-content\/uploads\/2022\/08\/stiri-3-700x441.jpg 700w\" data-sizes=\"auto\" \/><div class=\"fusion-rollover\">\n\t<div class=\"fusion-rollover-content\">\n\n\t\t\t\t\n\t\t\n\t\t\t\t\t\t\t\t\t\t\t\t<h4 class=\"fusion-rollover-title\">\n\t\t\t\t\t<a class=\"fusion-rollover-title-link\" href=\"https:\/\/spitalnasaud.ro\/?p=8095\">\n\t\t\t\t\t\tInvesti\u021bii \u00een sistemele informatice \u0219i \u00een infrastructura digital\u0103 \u00een Spitalul Or\u0103\u0219enesc ,,Dr.George Tripon&#8221; N\u0103s\u0103ud PNRR\/2023\/C7\/MS\/I.3.3\t\t\t\t\t<\/a>\n\t\t\t\t<\/h4>\n\t\t\t\n\t\t\t\t\t\t\t\t\t\t<div class=\"fusion-rollover-categories\"><a href=\"https:\/\/spitalnasaud.ro\/?cat=99\" rel=\"tag\">\u0218tiri \u0219i Nout\u0103\u021bi<\/a><\/div>\t\t\t\t\t\n\t\t\n\t\t\t\t\t\t<a class=\"fusion-link-wrapper\" href=\"https:\/\/spitalnasaud.ro\/?p=8095\" aria-label=\"Investi\u021bii \u00een sistemele informatice \u0219i \u00een infrastructura digital\u0103 \u00een Spitalul Or\u0103\u0219enesc ,,Dr.George Tripon&#8221; N\u0103s\u0103ud PNRR\/2023\/C7\/MS\/I.3.3\"><\/a>\n\t<\/div>\n<\/div>\n<\/div>\n<\/li>\n\t\t\t\n\t\t\t\n\t\t\t\t\t\t\t\t\t\t\t\t\t\t\t\t\t\t\t\t\t\t\t\t\t\t\t\t\t\t\t\t\t\t\t\t\t\t\t\t\t\t\t\t\t\t\t\t\t\t\t\t\t\t\t\t\t\t\t\t\t\t\t\t\t\t\t\t<\/ul>\n\t<\/div>\n\t<div class=\"fusion-post-content post-content\"><h2 class=\"blog-shortcode-post-title entry-title\"><a href=\"https:\/\/spitalnasaud.ro\/?p=8095\">Investi\u021bii \u00een sistemele informatice \u0219i \u00een infrastructura digital\u0103 \u00een Spitalul Or\u0103\u0219enesc ,,Dr.George Tripon&#8221; N\u0103s\u0103ud PNRR\/2023\/C7\/MS\/I.3.3<\/a><\/h2><div class=\"fusion-post-content-container\"><p>Comunicat de pres\u0103 \"PNRR: Fonduri pentru Rom\u00e2nia modern\u0103 \u0219i reformat\u0103\" Nume proiect: Investi\u021bii \u00een sistemele informatice \u0219i \u00een infrastructura digital\u0103 \u00een Spitalul Or\u0103\u0219enesc ,,Dr.George Tripon\" N\u0103s\u0103ud Apel: PNRR\/2023\/C7\/MS\/I.3.3 - Investi\u021bii \u00een sistemele informatice \u0219i \u00een [...]<\/p><\/div><\/div><div class=\"fusion-clearfix\"><\/div><div class=\"fusion-meta-info\"><div class=\"fusion-alignleft\"><span class=\"vcard\" style=\"display: none;\"><span class=\"fn\"><a href=\"https:\/\/spitalnasaud.ro\/?author=1\" title=\"Articole de mai2122\" rel=\"author\">mai2122<\/a><\/span><\/span><span class=\"updated\" style=\"display:none;\">2025-07-22T09:51:36+03:00<\/span><span>21 iulie 2025 11:35<\/span><span class=\"fusion-inline-sep\">|<\/span><\/div><div class=\"fusion-alignright\"><a class=\"fusion-read-more\" href=\"https:\/\/spitalnasaud.ro\/?p=8095\" aria-label=\"More on Investi\u021bii \u00een sistemele informatice \u0219i \u00een infrastructura digital\u0103 \u00een Spitalul Or\u0103\u0219enesc ,,Dr.George Tripon&#8221; N\u0103s\u0103ud PNRR\/2023\/C7\/MS\/I.3.3\">Read More<\/a><\/div><\/div><\/article>\n<article id=\"blog-1-post-7937\" class=\"fusion-post-medium post-7937 post type-post status-publish format-standard has-post-thumbnail hentry category-stiri-si-noutati\">\n\t<style type=\"text\/css\">\n\t\t\n\t\t\n\t\t\n\t\t\n\t\t\t<\/style>\n\n\n\t\t\t<div class=\"fusion-flexslider flexslider fusion-flexslider-loading fusion-post-slideshow\" style=\"\">\n\t\t<ul class=\"slides\">\n\t\t\t\n\t\t\t\t\t\t\t\t\t\t\t\t\t\t<li><div  class=\"fusion-image-wrapper fusion-image-size-fixed\" aria-haspopup=\"true\">\n\t\t\t\t<img decoding=\"async\" width=\"320\" height=\"202\" src=\"https:\/\/spitalnasaud.ro\/wp-content\/uploads\/2022\/08\/madiccamente-1-320x202.jpg\" class=\"attachment-blog-medium size-blog-medium lazyload wp-post-image\" alt=\"\" srcset=\"data:image\/svg+xml,%3Csvg%20xmlns%3D%27http%3A%2F%2Fwww.w3.org%2F2000%2Fsvg%27%20width%3D%272560%27%20height%3D%271548%27%20viewBox%3D%270%200%202560%201548%27%3E%3Crect%20width%3D%272560%27%20height%3D%271548%27%20fill-opacity%3D%220%22%2F%3E%3C%2Fsvg%3E\" data-orig-src=\"https:\/\/spitalnasaud.ro\/wp-content\/uploads\/2022\/08\/madiccamente-1-320x202.jpg\" data-srcset=\"https:\/\/spitalnasaud.ro\/wp-content\/uploads\/2022\/08\/madiccamente-1-320x202.jpg 320w, https:\/\/spitalnasaud.ro\/wp-content\/uploads\/2022\/08\/madiccamente-1-700x441.jpg 700w\" data-sizes=\"auto\" \/><div class=\"fusion-rollover\">\n\t<div class=\"fusion-rollover-content\">\n\n\t\t\t\t\n\t\t\n\t\t\t\t\t\t\t\t\t\t\t\t<h4 class=\"fusion-rollover-title\">\n\t\t\t\t\t<a class=\"fusion-rollover-title-link\" href=\"https:\/\/spitalnasaud.ro\/?p=7937\">\n\t\t\t\t\t\tPunct de colectare a medicamentelor deschis la Spitalul Or\u0103\u0219enesc \u201eGeorge Trifon\u201d N\u0103s\u0103ud\t\t\t\t\t<\/a>\n\t\t\t\t<\/h4>\n\t\t\t\n\t\t\t\t\t\t\t\t\t\t<div class=\"fusion-rollover-categories\"><a href=\"https:\/\/spitalnasaud.ro\/?cat=99\" rel=\"tag\">\u0218tiri \u0219i Nout\u0103\u021bi<\/a><\/div>\t\t\t\t\t\n\t\t\n\t\t\t\t\t\t<a class=\"fusion-link-wrapper\" href=\"https:\/\/spitalnasaud.ro\/?p=7937\" aria-label=\"Punct de colectare a medicamentelor deschis la Spitalul Or\u0103\u0219enesc \u201eGeorge Trifon\u201d N\u0103s\u0103ud\"><\/a>\n\t<\/div>\n<\/div>\n<\/div>\n<\/li>\n\t\t\t\n\t\t\t\n\t\t\t\t\t\t\t\t\t\t\t\t\t\t\t\t\t\t\t\t\t\t\t\t\t\t\t\t\t\t\t\t\t\t\t\t\t\t\t\t\t\t\t\t\t\t\t\t\t\t\t\t\t\t\t\t\t\t\t\t\t\t\t\t\t\t\t\t<\/ul>\n\t<\/div>\n\t<div class=\"fusion-post-content post-content\"><h2 class=\"blog-shortcode-post-title entry-title\"><a href=\"https:\/\/spitalnasaud.ro\/?p=7937\">Punct de colectare a medicamentelor deschis la Spitalul Or\u0103\u0219enesc \u201eGeorge Trifon\u201d N\u0103s\u0103ud<\/a><\/h2><div class=\"fusion-post-content-container\"><p>Spitalul Or\u0103\u0219enesc \u201eGeorge Trifon\u201d N\u0103s\u0103ud informeaz\u0103: Cet\u0103\u021benii din N\u0103s\u0103ud \u0219i din localit\u0103\u021bile \u00eenvecinate au posibilitatea de a preda medicamentele expirate sau neutilizate \u00eentr-un mod sigur \u0219i responsabil, \u00een cadrul noului punct de colectare organizat de [...]<\/p><\/div><\/div><div class=\"fusion-clearfix\"><\/div><div class=\"fusion-meta-info\"><div class=\"fusion-alignleft\"><span class=\"vcard\" style=\"display: none;\"><span class=\"fn\"><a href=\"https:\/\/spitalnasaud.ro\/?author=1\" title=\"Articole de mai2122\" rel=\"author\">mai2122<\/a><\/span><\/span><span class=\"updated\" style=\"display:none;\">2025-06-06T12:34:16+03:00<\/span><span>6 iunie 2025 11:18<\/span><span class=\"fusion-inline-sep\">|<\/span><\/div><div class=\"fusion-alignright\"><a class=\"fusion-read-more\" href=\"https:\/\/spitalnasaud.ro\/?p=7937\" aria-label=\"More on Punct de colectare a medicamentelor deschis la Spitalul Or\u0103\u0219enesc \u201eGeorge Trifon\u201d N\u0103s\u0103ud\">Read More<\/a><\/div><\/div><\/article>\n<article id=\"blog-1-post-7895\" class=\"fusion-post-medium post-7895 post type-post status-publish format-standard has-post-thumbnail hentry category-stiri-si-noutati\">\n\t<style type=\"text\/css\">\n\t\t\n\t\t\n\t\t\n\t\t\n\t\t\t<\/style>\n\n\n\t\t\t<div class=\"fusion-flexslider flexslider fusion-flexslider-loading fusion-post-slideshow\" style=\"\">\n\t\t<ul class=\"slides\">\n\t\t\t\n\t\t\t\t\t\t\t\t\t\t\t\t\t\t<li><div  class=\"fusion-image-wrapper fusion-image-size-fixed\" aria-haspopup=\"true\">\n\t\t\t\t<img decoding=\"async\" width=\"320\" height=\"202\" src=\"https:\/\/spitalnasaud.ro\/wp-content\/uploads\/2022\/08\/stiri-5-320x202.jpg\" class=\"attachment-blog-medium size-blog-medium lazyload wp-post-image\" alt=\"\" srcset=\"data:image\/svg+xml,%3Csvg%20xmlns%3D%27http%3A%2F%2Fwww.w3.org%2F2000%2Fsvg%27%20width%3D%272560%27%20height%3D%271548%27%20viewBox%3D%270%200%202560%201548%27%3E%3Crect%20width%3D%272560%27%20height%3D%271548%27%20fill-opacity%3D%220%22%2F%3E%3C%2Fsvg%3E\" data-orig-src=\"https:\/\/spitalnasaud.ro\/wp-content\/uploads\/2022\/08\/stiri-5-320x202.jpg\" data-srcset=\"https:\/\/spitalnasaud.ro\/wp-content\/uploads\/2022\/08\/stiri-5-320x202.jpg 320w, https:\/\/spitalnasaud.ro\/wp-content\/uploads\/2022\/08\/stiri-5-700x441.jpg 700w\" data-sizes=\"auto\" \/><div class=\"fusion-rollover\">\n\t<div class=\"fusion-rollover-content\">\n\n\t\t\t\t\n\t\t\n\t\t\t\t\t\t\t\t\t\t\t\t<h4 class=\"fusion-rollover-title\">\n\t\t\t\t\t<a class=\"fusion-rollover-title-link\" href=\"https:\/\/spitalnasaud.ro\/?p=7895\">\n\t\t\t\t\t\tSpitalul Or\u0103\u0219enesc \u2018Dr. George Trifon\u2019 N\u0103s\u0103ud investe\u0219te \u00een modernizarea laboratorului de microbiologie printr-un proiect finan\u021bat european, Cod SMIS 328757\t\t\t\t\t<\/a>\n\t\t\t\t<\/h4>\n\t\t\t\n\t\t\t\t\t\t\t\t\t\t<div class=\"fusion-rollover-categories\"><a href=\"https:\/\/spitalnasaud.ro\/?cat=99\" rel=\"tag\">\u0218tiri \u0219i Nout\u0103\u021bi<\/a><\/div>\t\t\t\t\t\n\t\t\n\t\t\t\t\t\t<a class=\"fusion-link-wrapper\" href=\"https:\/\/spitalnasaud.ro\/?p=7895\" aria-label=\"Spitalul Or\u0103\u0219enesc \u2018Dr. George Trifon\u2019 N\u0103s\u0103ud investe\u0219te \u00een modernizarea laboratorului de microbiologie printr-un proiect finan\u021bat european, Cod SMIS 328757\"><\/a>\n\t<\/div>\n<\/div>\n<\/div>\n<\/li>\n\t\t\t\n\t\t\t\n\t\t\t\t\t\t\t\t\t\t\t\t\t\t\t\t\t\t\t\t\t\t\t\t\t\t\t\t\t\t\t\t\t\t\t\t\t\t\t\t\t\t\t\t\t\t\t\t\t\t\t\t\t\t\t\t\t\t\t\t\t\t\t\t\t\t\t\t<\/ul>\n\t<\/div>\n\t<div class=\"fusion-post-content post-content\"><h2 class=\"blog-shortcode-post-title entry-title\"><a href=\"https:\/\/spitalnasaud.ro\/?p=7895\">Spitalul Or\u0103\u0219enesc \u2018Dr. George Trifon\u2019 N\u0103s\u0103ud investe\u0219te \u00een modernizarea laboratorului de microbiologie printr-un proiect finan\u021bat european, Cod SMIS 328757<\/a><\/h2><div class=\"fusion-post-content-container\"><p>Spitalul Or\u0103\u0219enesc \u201eDr. George Trifon\u201d N\u0103s\u0103ud, \u00een calitate de beneficiar, anun\u021b\u0103 demararea implement\u0103rii proiectului \u201eInvesti\u021bii \u00een infrastructura laboratoarelor de microbiologie din cadrul unit\u0103\u021bilor sanitare publice\u201d, finan\u021bat prin Programul S\u0103n\u0103tate (Cod SMIS: 328757; Apel PS\/359\/PS_P3\/OP4\/RSO4.5\/PS_P3_RSO4.5_A7), av\u00e2nd [...]<\/p><\/div><\/div><div class=\"fusion-clearfix\"><\/div><div class=\"fusion-meta-info\"><div class=\"fusion-alignleft\"><span class=\"vcard\" style=\"display: none;\"><span class=\"fn\"><a href=\"https:\/\/spitalnasaud.ro\/?author=1\" title=\"Articole de mai2122\" rel=\"author\">mai2122<\/a><\/span><\/span><span class=\"updated\" style=\"display:none;\">2025-05-21T17:12:23+03:00<\/span><span>21 mai 2025 9:25<\/span><span class=\"fusion-inline-sep\">|<\/span><\/div><div class=\"fusion-alignright\"><a class=\"fusion-read-more\" href=\"https:\/\/spitalnasaud.ro\/?p=7895\" aria-label=\"More on Spitalul Or\u0103\u0219enesc \u2018Dr. George Trifon\u2019 N\u0103s\u0103ud investe\u0219te \u00een modernizarea laboratorului de microbiologie printr-un proiect finan\u021bat european, Cod SMIS 328757\">Read More<\/a><\/div><\/div><\/article>\n<article id=\"blog-1-post-7876\" class=\"fusion-post-medium post-7876 post type-post status-publish format-standard has-post-thumbnail hentry category-stiri-si-noutati\">\n\t<style type=\"text\/css\">\n\t\t\n\t\t\n\t\t\n\t\t\n\t\t\t<\/style>\n\n\n\t\t\t<div class=\"fusion-flexslider flexslider fusion-flexslider-loading fusion-post-slideshow\" style=\"\">\n\t\t<ul class=\"slides\">\n\t\t\t\n\t\t\t\t\t\t\t\t\t\t\t\t\t\t<li><div  class=\"fusion-image-wrapper fusion-image-size-fixed\" aria-haspopup=\"true\">\n\t\t\t\t<img decoding=\"async\" width=\"320\" height=\"202\" src=\"https:\/\/spitalnasaud.ro\/wp-content\/uploads\/2022\/08\/stiri-6-320x202.jpg\" class=\"attachment-blog-medium size-blog-medium lazyload wp-post-image\" alt=\"\" srcset=\"data:image\/svg+xml,%3Csvg%20xmlns%3D%27http%3A%2F%2Fwww.w3.org%2F2000%2Fsvg%27%20width%3D%272560%27%20height%3D%271548%27%20viewBox%3D%270%200%202560%201548%27%3E%3Crect%20width%3D%272560%27%20height%3D%271548%27%20fill-opacity%3D%220%22%2F%3E%3C%2Fsvg%3E\" data-orig-src=\"https:\/\/spitalnasaud.ro\/wp-content\/uploads\/2022\/08\/stiri-6-320x202.jpg\" data-srcset=\"https:\/\/spitalnasaud.ro\/wp-content\/uploads\/2022\/08\/stiri-6-320x202.jpg 320w, https:\/\/spitalnasaud.ro\/wp-content\/uploads\/2022\/08\/stiri-6-700x441.jpg 700w\" data-sizes=\"auto\" \/><div class=\"fusion-rollover\">\n\t<div class=\"fusion-rollover-content\">\n\n\t\t\t\t\n\t\t\n\t\t\t\t\t\t\t\t\t\t\t\t<h4 class=\"fusion-rollover-title\">\n\t\t\t\t\t<a class=\"fusion-rollover-title-link\" href=\"https:\/\/spitalnasaud.ro\/?p=7876\">\n\t\t\t\t\t\tAnun\u021b nr. 4309 din 15.05.2025 privind reluarea programului normal de vizite \u00een cadrul sec\u021biilor spitalului\t\t\t\t\t<\/a>\n\t\t\t\t<\/h4>\n\t\t\t\n\t\t\t\t\t\t\t\t\t\t<div class=\"fusion-rollover-categories\"><a href=\"https:\/\/spitalnasaud.ro\/?cat=99\" rel=\"tag\">\u0218tiri \u0219i Nout\u0103\u021bi<\/a><\/div>\t\t\t\t\t\n\t\t\n\t\t\t\t\t\t<a class=\"fusion-link-wrapper\" href=\"https:\/\/spitalnasaud.ro\/?p=7876\" aria-label=\"Anun\u021b nr. 4309 din 15.05.2025 privind reluarea programului normal de vizite \u00een cadrul sec\u021biilor spitalului\"><\/a>\n\t<\/div>\n<\/div>\n<\/div>\n<\/li>\n\t\t\t\n\t\t\t\n\t\t\t\t\t\t\t\t\t\t\t\t\t\t\t\t\t\t\t\t\t\t\t\t\t\t\t\t\t\t\t\t\t\t\t\t\t\t\t\t\t\t\t\t\t\t\t\t\t\t\t\t\t\t\t\t\t\t\t\t\t\t\t\t\t\t\t\t<\/ul>\n\t<\/div>\n\t<div class=\"fusion-post-content post-content\"><h2 class=\"blog-shortcode-post-title entry-title\"><a href=\"https:\/\/spitalnasaud.ro\/?p=7876\">Anun\u021b nr. 4309 din 15.05.2025 privind reluarea programului normal de vizite \u00een cadrul sec\u021biilor spitalului<\/a><\/h2><div class=\"fusion-post-content-container\"><p>Conducerea Spitalului Or\u0103\u0219enesc \u201eDr. George Trifon\u201d N\u0103s\u0103ud informeaz\u0103 c\u0103, \u00eencep\u00e2nd cu data de 15 mai 2025, se reia programul normal de vizitare a pacien\u021bilor interna\u021bi, ca urmare a sc\u0103derii semnificative a num\u0103rului de infec\u021bii respiratorii [...]<\/p><\/div><\/div><div class=\"fusion-clearfix\"><\/div><div class=\"fusion-meta-info\"><div class=\"fusion-alignleft\"><span class=\"vcard\" style=\"display: none;\"><span class=\"fn\"><a href=\"https:\/\/spitalnasaud.ro\/?author=1\" title=\"Articole de mai2122\" rel=\"author\">mai2122<\/a><\/span><\/span><span class=\"updated\" style=\"display:none;\">2025-05-16T09:45:03+03:00<\/span><span>15 mai 2025 19:40<\/span><span class=\"fusion-inline-sep\">|<\/span><\/div><div class=\"fusion-alignright\"><a class=\"fusion-read-more\" href=\"https:\/\/spitalnasaud.ro\/?p=7876\" aria-label=\"More on Anun\u021b nr. 4309 din 15.05.2025 privind reluarea programului normal de vizite \u00een cadrul sec\u021biilor spitalului\">Read More<\/a><\/div><\/div><\/article>\n<article id=\"blog-1-post-6841\" class=\"fusion-post-medium post-6841 post type-post status-publish format-standard has-post-thumbnail hentry category-stiri-si-noutati\">\n\t<style type=\"text\/css\">\n\t\t\n\t\t\n\t\t\n\t\t\n\t\t\t<\/style>\n\n\n\t\t\t<div class=\"fusion-flexslider flexslider fusion-flexslider-loading fusion-post-slideshow\" style=\"\">\n\t\t<ul class=\"slides\">\n\t\t\t\n\t\t\t\t\t\t\t\t\t\t\t\t\t\t<li><div  class=\"fusion-image-wrapper fusion-image-size-fixed\" aria-haspopup=\"true\">\n\t\t\t\t<img decoding=\"async\" width=\"320\" height=\"202\" src=\"https:\/\/spitalnasaud.ro\/wp-content\/uploads\/2024\/08\/IMG_0041-320x202.avif\" class=\"attachment-blog-medium size-blog-medium not-transparent lazyload wp-post-image\" alt=\"\" srcset=\"data:image\/svg+xml,%3Csvg%20xmlns%3D%27http%3A%2F%2Fwww.w3.org%2F2000%2Fsvg%27%20width%3D%271240%27%20height%3D%27698%27%20viewBox%3D%270%200%201240%20698%27%3E%3Crect%20width%3D%271240%27%20height%3D%27698%27%20fill-opacity%3D%220%22%2F%3E%3C%2Fsvg%3E\" data-has-transparency=\"false\" data-dominant-color=\"b3b2b6\" style=\"--dominant-color: #b3b2b6;\" data-orig-src=\"https:\/\/spitalnasaud.ro\/wp-content\/uploads\/2024\/08\/IMG_0041-320x202.avif\" data-srcset=\"https:\/\/spitalnasaud.ro\/wp-content\/uploads\/2024\/08\/IMG_0041-320x202.avif 320w, https:\/\/spitalnasaud.ro\/wp-content\/uploads\/2024\/08\/IMG_0041-700x441.avif 700w\" data-sizes=\"auto\" \/><div class=\"fusion-rollover\">\n\t<div class=\"fusion-rollover-content\">\n\n\t\t\t\t\n\t\t\n\t\t\t\t\t\t\t\t\t\t\t\t<h4 class=\"fusion-rollover-title\">\n\t\t\t\t\t<a class=\"fusion-rollover-title-link\" href=\"https:\/\/spitalnasaud.ro\/?p=6841\">\n\t\t\t\t\t\tAdmitere la Extensia Bistri\u021ba a UMFST \u201cG.E. Palade\u201d Tg. Mure\u0219\t\t\t\t\t<\/a>\n\t\t\t\t<\/h4>\n\t\t\t\n\t\t\t\t\t\t\t\t\t\t<div class=\"fusion-rollover-categories\"><a href=\"https:\/\/spitalnasaud.ro\/?cat=99\" rel=\"tag\">\u0218tiri \u0219i Nout\u0103\u021bi<\/a><\/div>\t\t\t\t\t\n\t\t\n\t\t\t\t\t\t<a class=\"fusion-link-wrapper\" href=\"https:\/\/spitalnasaud.ro\/?p=6841\" aria-label=\"Admitere la Extensia Bistri\u021ba a UMFST \u201cG.E. Palade\u201d Tg. Mure\u0219\"><\/a>\n\t<\/div>\n<\/div>\n<\/div>\n<\/li>\n\t\t\t\n\t\t\t\n\t\t\t\t\t\t\t\t\t\t\t\t\t\t\t\t\t\t\t\t\t\t\t\t\t\t\t\t\t\t\t\t\t\t\t\t\t\t\t\t\t\t\t\t\t\t\t\t\t\t\t\t\t\t\t\t\t\t\t\t\t\t\t\t\t\t\t\t<\/ul>\n\t<\/div>\n\t<div class=\"fusion-post-content post-content\"><h2 class=\"blog-shortcode-post-title entry-title\"><a href=\"https:\/\/spitalnasaud.ro\/?p=6841\">Admitere la Extensia Bistri\u021ba a UMFST \u201cG.E. Palade\u201d Tg. Mure\u0219<\/a><\/h2><div class=\"fusion-post-content-container\"><p>UMFST G.E. Palade T\u00e2rgu Mure\u0219 organizeaz\u0103 admiterea, \u00een anul universitar 2024 \u2013 2025, la programele de studii Asisten\u021b\u0103 medical\u0103 general\u0103, Tehnic\u0103 dentar\u0103 \u0219i Asisten\u021b\u0103 de farmacie, extensia Bistri\u021ba. \u00censcrierile online vor avea loc \u00een perioada [...]<\/p><\/div><\/div><div class=\"fusion-clearfix\"><\/div><div class=\"fusion-meta-info\"><div class=\"fusion-alignleft\"><span class=\"vcard\" style=\"display: none;\"><span class=\"fn\"><a href=\"https:\/\/spitalnasaud.ro\/?author=1\" title=\"Articole de mai2122\" rel=\"author\">mai2122<\/a><\/span><\/span><span class=\"updated\" style=\"display:none;\">2024-08-27T11:14:29+03:00<\/span><span>13 iulie 2024 11:13<\/span><span class=\"fusion-inline-sep\">|<\/span><\/div><div class=\"fusion-alignright\"><a class=\"fusion-read-more\" href=\"https:\/\/spitalnasaud.ro\/?p=6841\" aria-label=\"More on Admitere la Extensia Bistri\u021ba a UMFST \u201cG.E. Palade\u201d Tg. Mure\u0219\">Read More<\/a><\/div><\/div><\/article>\n<article id=\"blog-1-post-6215\" class=\"fusion-post-medium post-6215 post type-post status-publish format-standard has-post-thumbnail hentry category-stiri-si-noutati\">\n\t<style type=\"text\/css\">\n\t\t\n\t\t\n\t\t\n\t\t\n\t\t\t<\/style>\n\n\n\t\t\t<div class=\"fusion-flexslider flexslider fusion-flexslider-loading fusion-post-slideshow\" style=\"\">\n\t\t<ul class=\"slides\">\n\t\t\t\n\t\t\t\t\t\t\t\t\t\t\t\t\t\t<li><div  class=\"fusion-image-wrapper fusion-image-size-fixed\" aria-haspopup=\"true\">\n\t\t\t\t<img decoding=\"async\" width=\"320\" height=\"202\" src=\"https:\/\/spitalnasaud.ro\/wp-content\/uploads\/2022\/08\/stiri-1-320x202.jpg\" class=\"attachment-blog-medium size-blog-medium lazyload wp-post-image\" alt=\"\" srcset=\"data:image\/svg+xml,%3Csvg%20xmlns%3D%27http%3A%2F%2Fwww.w3.org%2F2000%2Fsvg%27%20width%3D%272560%27%20height%3D%271548%27%20viewBox%3D%270%200%202560%201548%27%3E%3Crect%20width%3D%272560%27%20height%3D%271548%27%20fill-opacity%3D%220%22%2F%3E%3C%2Fsvg%3E\" data-orig-src=\"https:\/\/spitalnasaud.ro\/wp-content\/uploads\/2022\/08\/stiri-1-320x202.jpg\" data-srcset=\"https:\/\/spitalnasaud.ro\/wp-content\/uploads\/2022\/08\/stiri-1-320x202.jpg 320w, https:\/\/spitalnasaud.ro\/wp-content\/uploads\/2022\/08\/stiri-1-700x441.jpg 700w\" data-sizes=\"auto\" \/><div class=\"fusion-rollover\">\n\t<div class=\"fusion-rollover-content\">\n\n\t\t\t\t\n\t\t\n\t\t\t\t\t\t\t\t\t\t\t\t<h4 class=\"fusion-rollover-title\">\n\t\t\t\t\t<a class=\"fusion-rollover-title-link\" href=\"https:\/\/spitalnasaud.ro\/?p=6215\">\n\t\t\t\t\t\tAnun\u021b 10100\/06.11.20223 Programul de vizitare a pacien\u021bilor\t\t\t\t\t<\/a>\n\t\t\t\t<\/h4>\n\t\t\t\n\t\t\t\t\t\t\t\t\t\t<div class=\"fusion-rollover-categories\"><a href=\"https:\/\/spitalnasaud.ro\/?cat=99\" rel=\"tag\">\u0218tiri \u0219i Nout\u0103\u021bi<\/a><\/div>\t\t\t\t\t\n\t\t\n\t\t\t\t\t\t<a class=\"fusion-link-wrapper\" href=\"https:\/\/spitalnasaud.ro\/?p=6215\" aria-label=\"Anun\u021b 10100\/06.11.20223 Programul de vizitare a pacien\u021bilor\"><\/a>\n\t<\/div>\n<\/div>\n<\/div>\n<\/li>\n\t\t\t\n\t\t\t\n\t\t\t\t\t\t\t\t\t\t\t\t\t\t\t\t\t\t\t\t\t\t\t\t\t\t\t\t\t\t\t\t\t\t\t\t\t\t\t\t\t\t\t\t\t\t\t\t\t\t\t\t\t\t\t\t\t\t\t\t\t\t\t\t\t\t\t\t<\/ul>\n\t<\/div>\n\t<div class=\"fusion-post-content post-content\"><h2 class=\"blog-shortcode-post-title entry-title\"><a href=\"https:\/\/spitalnasaud.ro\/?p=6215\">Anun\u021b 10100\/06.11.20223 Programul de vizitare a pacien\u021bilor<\/a><\/h2><div class=\"fusion-post-content-container\"><p>Programul de acces al vizitatorilor pacien\u021bilor interna\u021bi \u00een SPITALUL OR\u0102\u0218ENESC \u201eDR. GEORGE TRIFON\u201d N\u0102S\u0102UD este: \u00een zilele lucr\u0103toare (luni \u2014 vineri), \u00een intervalul orar 13:30-17:30; s\u00e2mb\u0103ta\/duminica \u0219i \u00een s\u0103rb\u0103torile legale, \u00een intervalul orar 10.00 \u2014 [...]<\/p><\/div><\/div><div class=\"fusion-clearfix\"><\/div><div class=\"fusion-meta-info\"><div class=\"fusion-alignleft\"><span class=\"vcard\" style=\"display: none;\"><span class=\"fn\"><a href=\"https:\/\/spitalnasaud.ro\/?author=1\" title=\"Articole de mai2122\" rel=\"author\">mai2122<\/a><\/span><\/span><span class=\"updated\" style=\"display:none;\">2023-11-07T12:03:54+02:00<\/span><span>7 noiembrie 2023 12:03<\/span><span class=\"fusion-inline-sep\">|<\/span><\/div><div class=\"fusion-alignright\"><a class=\"fusion-read-more\" href=\"https:\/\/spitalnasaud.ro\/?p=6215\" aria-label=\"More on Anun\u021b 10100\/06.11.20223 Programul de vizitare a pacien\u021bilor\">Read More<\/a><\/div><\/div><\/article>\n<\/div><div class=\"pagination clearfix\"><span class=\"current\">1<\/span><a href=\"https:\/\/spitalnasaud.ro\/index.php?rest_route=%2Fwp%2Fv2%2Fpages%2F4432&#038;paged=2\" class=\"inactive\">2<\/a><a class=\"pagination-next\" rel=\"next\" href=\"https:\/\/spitalnasaud.ro\/index.php?rest_route=%2Fwp%2Fv2%2Fpages%2F4432&#038;paged=2\"><span class=\"page-text\">Inainte<\/span><span class=\"page-next\"><\/span><\/a><\/div><div class=\"fusion-clearfix\"><\/div><\/div><\/div><\/div><\/div><\/div>\n","protected":false},"excerpt":{"rendered":"","protected":false},"author":1,"featured_media":0,"parent":2268,"menu_order":0,"comment_status":"closed","ping_status":"closed","template":"","meta":{"footnotes":""},"class_list":["post-4432","page","type-page","status-publish","hentry"],"_links":{"self":[{"href":"https:\/\/spitalnasaud.ro\/index.php?rest_route=\/wp\/v2\/pages\/4432","targetHints":{"allow":["GET"]}}],"collection":[{"href":"https:\/\/spitalnasaud.ro\/index.php?rest_route=\/wp\/v2\/pages"}],"about":[{"href":"https:\/\/spitalnasaud.ro\/index.php?rest_route=\/wp\/v2\/types\/page"}],"author":[{"embeddable":true,"href":"https:\/\/spitalnasaud.ro\/index.php?rest_route=\/wp\/v2\/users\/1"}],"replies":[{"embeddable":true,"href":"https:\/\/spitalnasaud.ro\/index.php?rest_route=%2Fwp%2Fv2%2Fcomments&post=4432"}],"version-history":[{"count":0,"href":"https:\/\/spitalnasaud.ro\/index.php?rest_route=\/wp\/v2\/pages\/4432\/revisions"}],"up":[{"embeddable":true,"href":"https:\/\/spitalnasaud.ro\/index.php?rest_route=\/wp\/v2\/pages\/2268"}],"wp:attachment":[{"href":"https:\/\/spitalnasaud.ro\/index.php?rest_route=%2Fwp%2Fv2%2Fmedia&parent=4432"}],"curies":[{"name":"wp","href":"https:\/\/api.w.org\/{rel}","templated":true}]}}