{"id":9183,"date":"2026-03-06T09:59:10","date_gmt":"2026-03-06T07:59:10","guid":{"rendered":"https:\/\/spitalnasaud.ro\/?page_id=9183"},"modified":"2026-03-06T19:34:00","modified_gmt":"2026-03-06T17:34:00","slug":"date-si-informatii-despre-activitatea-spitalului","status":"publish","type":"page","link":"https:\/\/spitalnasaud.ro\/?page_id=9183","title":{"rendered":"Date \u0219i informa\u021bii despre activitatea spitalului"},"content":{"rendered":"<div class=\"fusion-fullwidth fullwidth-box fusion-builder-row-1 fusion-flex-container has-pattern-background has-mask-background nonhundred-percent-fullwidth non-hundred-percent-height-scrolling\" style=\"--awb-border-radius-top-left:0px;--awb-border-radius-top-right:0px;--awb-border-radius-bottom-right:0px;--awb-border-radius-bottom-left:0px;--awb-flex-wrap:wrap;\" ><div class=\"fusion-builder-row fusion-row fusion-flex-align-items-flex-start fusion-flex-content-wrap\" style=\"max-width:1365px;margin-left: calc(-5% \/ 2 );margin-right: calc(-5% \/ 2 );\"><div class=\"fusion-layout-column fusion_builder_column fusion-builder-column-0 fusion_builder_column_1_1 1_1 fusion-flex-column\" style=\"--awb-bg-size:cover;--awb-width-large:100%;--awb-margin-top-large:0px;--awb-spacing-right-large:2.375%;--awb-margin-bottom-large:20px;--awb-spacing-left-large:2.375%;--awb-width-medium:100%;--awb-order-medium:0;--awb-spacing-right-medium:2.375%;--awb-spacing-left-medium:2.375%;--awb-width-small:100%;--awb-order-small:0;--awb-spacing-right-small:2.375%;--awb-spacing-left-small:2.375%;\"><div class=\"fusion-column-wrapper fusion-column-has-shadow fusion-flex-justify-content-flex-start fusion-content-layout-column\"><div class=\"fusion-text fusion-text-1\"><div id=\"wpfd-nodownload-322-774\" class=\"wpfd-no-download-wrapper\"><div class=\"wpfd-content wpfd-content-default wpfd-content-category-normal wpfd-content-without-download-selected wpfd-content-multi\" data-category=\"322\"             style=\"display: none; background-color: rgba(255, 255, 255, 0);\"><input type=\"hidden\" id=\"current_category_322\" value=\"322\" \/>                    <input type=\"hidden\" id=\"current_category_slug_322\" value=\"date-statistice-2\" \/>                    <input type=\"hidden\" id=\"current_ordering_322\" value=\"title\" \/>                    <input type=\"hidden\" id=\"current_ordering_direction_322\" value=\"desc\" \/>                    <input type=\"hidden\" id=\"page_limit_322\" value=\"10\" \/><input type=\"hidden\" id=\"wpfd_display_empty_category_message\" value=\"0\" \/><input type=\"hidden\" id=\"wpfd_empty_category_message_val\" value=\"This file category has no files to display\" \/><input type=\"hidden\" id=\"wpfd_display_empty_folder\" value=\"0\" \/><input type=\"hidden\" id=\"wpfd_is_empty_subcategories\" value=\"1\" \/><input type=\"hidden\" id=\"wpfd_is_empty_files\" value=\"1\" \/><input type=\"hidden\" id=\"wpfd_root_category_id\" class=\"wpfd_root_category_id\" value=\"322\" \/><input type=\"hidden\" id=\"wpfd_root_category_theme\" class=\"wpfd_root_category_theme\" value=\"default\" \/><input type=\"hidden\" id=\"wpfd_root_category_clone_theme_type\" class=\"wpfd_root_category_clone_theme_type\" value=\"none\" \/><input type=\"hidden\" id=\"wpfd_root_category_type\" class=\"wpfd_root_category_type\" value=\"322\" \/><input type=\"hidden\" id=\"wpfd_category_notify_file_changes\" class=\"wpfd_category_notify_file_changes\" value=\"0\" \/><input type=\"hidden\" id=\"wpfd_global_notify_file_changes\" class=\"wpfd_global_notify_file_changes\" value=\"0\" \/><input type=\"hidden\" id=\"wpfd_download_selected\" class=\"wpfd_download_selected\" value=\"0\" \/><input type=\"hidden\" id=\"wpfd_user_login\" class=\"wpfd_user_login\" value=\"0\" \/><div class=\"wpfd-content-header-section\"><\/div>    <script type=\"text\/x-handlebars-template\" class=\"wpfd-template-files\">        {{#if files }}        <div class=\"wpfd_list\">            {{#each files}}            <div class=\"file {{ext}} {{new_file_marker_class}}\" style=\"display: none; margin : 10px 10px 10px 10px;\" data-id=\"{{ID}}\" data-catid=\"{{catid}}\" data-edit=\"{{edited}}\">                <input type=\"hidden\" class=\"wpfd_file_preview_link_download\" value=\"{{linkdownload}}\" data-filetitle=\"{{post_title}}\" data-fileicons=\"ext ext-{{ext}} wpfd-icon-set-svg\" \/>                <div class=\"filecontent\">                    {{#if file_custom_icon}}                    <div class=\"icon-custom\"><img class=\"lazyload\" decoding=\"async\" src=\"data:image\/gif;base64,R0lGODlhAQABAAAAACH5BAEKAAEALAAAAAABAAEAAAICTAEAOw==\" data-orig-src=\"{{file_custom_icon}}\" \/><\/div>                    {{else}}                    <div class=\"ext ext-{{ext}} wpfd-icon-set-svg\"><span class=\"txt\">{{ext}}<\/span><\/div>                    {{\/if}}<h3><a href=\"{{linkdownload}}\"   class=\"wpfd_downloadlink\" title=\"{{post_title}}\" target=\"{{#if remote_file}}_blank{{\/if}}\"><span class=\"f_title\">{{{crop_title}}}<\/span>{{{new_marker_icon}}}<\/a><\/h3>                    <div class=\"file-xinfo\">                        {{#if description}}<div class=\"file-desc\">{{{description}}}<\/div>{{\/if}}<div class=\"file-size\"><span>M\u0103rime:<\/span> {{bytesToSize size}}<\/div><div class=\"file-hits\"><span>Acces\u0103ri:<\/span> {{hits}}<\/div>                    <\/div>                <\/div>                <span class=\"file-right\">                    <a class=\"downloadlink wpfd_downloadlink\"  href=\"{{linkdownload}}\"  style=\"background-color:#76bc58;color:#ffffff;\" target=\"{{#if remote_file}}_blank{{\/if}}\">Desc\u0103rcare<i class=\"zmdi zmdi-cloud-download wpfd-download\"><\/i><\/a>{{#if openpdflink}}<a class=\"openlink wpfdlightbox wpfd_previewlink\" href=\"{{openpdflink}}\"  target=\"\">Vizualizare                            <i class=\"zmdi zmdi-filter-center-focus wpfd-preview\"><\/i>                        <\/a>{{else}}{{#if viewerlink}}<a                            href=\"{{viewerlink}}\"                                                        class=\"openlink wpfdlightbox wpfd_previewlink\"                            target=\"\"                            data-id=\"{{ID}}\"                            data-catid=\"{{catid}}\"                            data-file-type=\"{{ext}}\">Vizualizare<i class=\"zmdi zmdi-filter-center-focus wpfd-preview\"><\/i>                        <\/a>{{\/if}}{{\/if}}                <\/span>            <\/div>            {{\/each}}            <div class=\"file flex_span\" style=\"margin : 10px 10px 10px 10px;\"><\/div>        <\/div>        {{\/if}}    <\/script>    <div class=\"wpfd-container\">                <div class=\"wpfd-open-tree\"><\/div>        <div class=\"wpfd-container-default \">            <div class=\"wpfd-categories hide\"><div class=\"wpfd-category-desc\"><\/div><\/div>                            <div class=\"wpfd_list\">                                                                                                    <div class=\"file pdf\"                                 style=\"margin : 10px 10px 10px 10px;\"                                 data-id=\"9185\"                                 data-catid=\"322\"                                 data-edit=\"0\">                                                                <input type=\"hidden\" class=\"wpfd_file_preview_link_download\" value=\"https:\/\/spitalnasaud.ro\/wp-admin\/admin-ajax.php?juwpfisadmin=false&amp;action=wpfd&amp;task=file.download&amp;wpfd_category_id=322&amp;wpfd_file_id=9185\"                                       data-filetitle=\"Date \u0219i informa\u021bii referitoare la activitatea spitalului \u00een anul 2025\" data-fileicons=\"ext ext-pdf wpfd-icon-set-svg\" \/>                                <div class=\"filecontent\">                                    <div class=\"ext ext-pdf wpfd-icon-set-svg\"><span class=\"txt\">pdf<\/span><\/div><h3><a href=\"https:\/\/spitalnasaud.ro\/wp-admin\/admin-ajax.php?juwpfisadmin=false&#038;action=wpfd&#038;task=file.download&#038;wpfd_category_id=322&#038;wpfd_file_id=9185\"   class=\"wpfd_downloadlink\" title=\"Date \u0219i informa\u021bii referitoare la activitatea spitalului \u00een anul 2025\" target=\"\"><span class=\"f_title\">Date \u0219i informa\u021bii referitoare la activitatea spitalului \u00een anul 2025<\/span><\/a><\/h3>                                    <div class=\"file-xinfo\">                                        <div class=\"file-desc\"><\/div><div class=\"file-size\"><span>M\u0103rime:<\/span> 335.25 KB<\/div><div class=\"file-hits\"><span>Acces\u0103ri:<\/span> 72<\/div>                                    <\/div>                                <\/div>                                <div class=\"file-right\">                                    <a class=\"downloadlink wpfd_downloadlink\"  href=\"https:\/\/spitalnasaud.ro\/wp-admin\/admin-ajax.php?juwpfisadmin=false&#038;action=wpfd&#038;task=file.download&#038;wpfd_category_id=322&#038;wpfd_file_id=9185\"  style=\"background-color:#76bc58;color:#ffffff;\" target=\"\">Desc\u0103rcare<i class=\"zmdi zmdi-cloud-download wpfd-download\"><\/i><\/a><a                            href=\"https:\/\/docs.google.com\/viewer?url=https%3A%2F%2Fspitalnasaud.ro%2Fwp-admin%2Fadmin-ajax.php%3Fjuwpfisadmin%3Dfalse%26action%3Dwpfd%26task%3Dfile.download%26wpfd_category_id%3D322%26wpfd_file_id%3D9185%26token%3D%26preview%3D1&#038;embedded=true\"                                                        class=\"openlink wpfdlightbox wpfd_previewlink\"                            target=\"\"                            data-id=\"9185\"                            data-catid=\"322\"                            data-file-type=\"pdf\">Vizualizare<i class=\"zmdi zmdi-filter-center-focus wpfd-preview\"><\/i>                        <\/a>                                <\/div>                            <\/div>                                                                                                                            <div class=\"file pdf\"                                 style=\"margin : 10px 10px 10px 10px;\"                                 data-id=\"9311\"                                 data-catid=\"322\"                                 data-edit=\"0\">                                                                <input type=\"hidden\" class=\"wpfd_file_preview_link_download\" value=\"https:\/\/spitalnasaud.ro\/wp-admin\/admin-ajax.php?juwpfisadmin=false&amp;action=wpfd&amp;task=file.download&amp;wpfd_category_id=322&amp;wpfd_file_id=9311\"                                       data-filetitle=\"Date \u0219i informa\u021bii referitoare la activitatea spitalului \u00een Trimestrul I 2026\" data-fileicons=\"ext ext-pdf wpfd-icon-set-svg\" \/>                                <div class=\"filecontent\">                                    <div class=\"ext ext-pdf wpfd-icon-set-svg\"><span class=\"txt\">pdf<\/span><\/div><h3><a href=\"https:\/\/spitalnasaud.ro\/wp-admin\/admin-ajax.php?juwpfisadmin=false&#038;action=wpfd&#038;task=file.download&#038;wpfd_category_id=322&#038;wpfd_file_id=9311\"   class=\"wpfd_downloadlink\" title=\"Date \u0219i informa\u021bii referitoare la activitatea spitalului \u00een Trimestrul I 2026\" target=\"\"><span class=\"f_title\">Date \u0219i informa\u021bii referitoare la activitatea spitalului \u00een Trimestrul I 2026<\/span><\/a><\/h3>                                    <div class=\"file-xinfo\">                                        <div class=\"file-desc\"><\/div><div class=\"file-size\"><span>M\u0103rime:<\/span> 102.34 KB<\/div><div class=\"file-hits\"><span>Acces\u0103ri:<\/span> 3<\/div>                                    <\/div>                                <\/div>                                <div class=\"file-right\">                                    <a class=\"downloadlink wpfd_downloadlink\"  href=\"https:\/\/spitalnasaud.ro\/wp-admin\/admin-ajax.php?juwpfisadmin=false&#038;action=wpfd&#038;task=file.download&#038;wpfd_category_id=322&#038;wpfd_file_id=9311\"  style=\"background-color:#76bc58;color:#ffffff;\" target=\"\">Desc\u0103rcare<i class=\"zmdi zmdi-cloud-download wpfd-download\"><\/i><\/a><a                            href=\"https:\/\/docs.google.com\/viewer?url=https%3A%2F%2Fspitalnasaud.ro%2Fwp-admin%2Fadmin-ajax.php%3Fjuwpfisadmin%3Dfalse%26action%3Dwpfd%26task%3Dfile.download%26wpfd_category_id%3D322%26wpfd_file_id%3D9311%26token%3D%26preview%3D1&#038;embedded=true\"                                                        class=\"openlink wpfdlightbox wpfd_previewlink\"                            target=\"\"                            data-id=\"9311\"                            data-catid=\"322\"                            data-file-type=\"pdf\">Vizualizare<i class=\"zmdi zmdi-filter-center-focus wpfd-preview\"><\/i>                        <\/a>                                <\/div>                            <\/div>                                                                <div class=\"file flex_span\" style=\"margin : 10px 10px 10px 10px;\"><\/div>                <\/div>                                <\/div>    <\/div><\/div><\/div><style>\r\n        \/*\r\n         * Butonul verde \"Desc\u0103rcare\" este \u00een: .file-right > a.downloadlink\r\n         * Titlul fi\u0219ierului este \u00een:           h3 > a.wpfd_downloadlink\r\n         * Ambele au clasa wpfd_downloadlink, deci target\u0103m DOAR pe cel din .file-right\r\n         *\/\r\n\r\n        \/* Ascunde butonul de Desc\u0103rcare (cel verde din .file-right) *\/\r\n        #wpfd-nodownload-322-774 .file-right a.downloadlink,\r\n        #wpfd-nodownload-322-774 .file-right a.wpfd_downloadlink:not(.wpfd_previewlink) {\r\n            display: none !important;\r\n        }\r\n\r\n        \/* Titlul din h3 - elimin\u0103m doar comportamentul de link *\/\r\n        #wpfd-nodownload-322-774 h3 a.wpfd_downloadlink {\r\n            pointer-events: none;\r\n            cursor: default;\r\n            color: inherit !important;\r\n            text-decoration: none !important;\r\n        }\r\n    <\/style>\n<\/div><div class=\"wpfd-avada-category \" id=\"\"><link rel=\"stylesheet\" href=\"https:\/\/spitalnasaud.ro\/wp-content\/plugins\/wp-file-download\/\/app\/site\/assets\/css\/front.css\" \/><link rel=\"stylesheet\" href=\"https:\/\/spitalnasaud.ro\/wp-content\/plugins\/wp-file-download\/app\/site\/themes\/wpfd-default\/css\/style.css\" \/><link rel=\"stylesheet\" href=\"https:\/\/spitalnasaud.ro\/wp-content\/wp-file-download\/icons\/svg\/styles-1702021783.css\" \/><div class=\"wpfd-content wpfd-content-default wpfd-content-category-normal wpfd-content-without-download-selected wpfd-content-multi\" data-category=\"323\"             style=\"display: none; background-color: rgba(255, 255, 255, 0);\"><input type=\"hidden\" id=\"current_category_323\" value=\"323\" \/>                    <input type=\"hidden\" id=\"current_category_slug_323\" value=\"meniu-zilnic\" \/>                    <input type=\"hidden\" id=\"current_ordering_323\" value=\"title\" \/>                    <input type=\"hidden\" id=\"current_ordering_direction_323\" value=\"desc\" \/>                    <input type=\"hidden\" id=\"page_limit_323\" value=\"10\" \/><input type=\"hidden\" id=\"wpfd_display_empty_category_message\" value=\"0\" \/><input type=\"hidden\" id=\"wpfd_empty_category_message_val\" value=\"This file category has no files to display\" \/><input type=\"hidden\" id=\"wpfd_display_empty_folder\" value=\"0\" \/><input type=\"hidden\" id=\"wpfd_is_empty_subcategories\" value=\"1\" \/><input type=\"hidden\" id=\"wpfd_is_empty_files\" value=\"1\" \/><input type=\"hidden\" id=\"wpfd_root_category_id\" class=\"wpfd_root_category_id\" value=\"323\" \/><input type=\"hidden\" id=\"wpfd_root_category_theme\" class=\"wpfd_root_category_theme\" value=\"default\" \/><input type=\"hidden\" id=\"wpfd_root_category_clone_theme_type\" class=\"wpfd_root_category_clone_theme_type\" value=\"none\" \/><input type=\"hidden\" id=\"wpfd_root_category_type\" class=\"wpfd_root_category_type\" value=\"323\" \/><input type=\"hidden\" id=\"wpfd_category_notify_file_changes\" class=\"wpfd_category_notify_file_changes\" value=\"0\" \/><input type=\"hidden\" id=\"wpfd_global_notify_file_changes\" class=\"wpfd_global_notify_file_changes\" value=\"0\" \/><input type=\"hidden\" id=\"wpfd_download_selected\" class=\"wpfd_download_selected\" value=\"0\" \/><input type=\"hidden\" id=\"wpfd_user_login\" class=\"wpfd_user_login\" value=\"0\" \/><div class=\"wpfd-content-header-section\"><\/div>    <script type=\"text\/x-handlebars-template\" class=\"wpfd-template-files\">        {{#if files }}        <div class=\"wpfd_list\">            {{#each files}}            <div class=\"file {{ext}} {{new_file_marker_class}}\" style=\"display: none; margin : 10px 10px 10px 10px;\" data-id=\"{{ID}}\" data-catid=\"{{catid}}\" data-edit=\"{{edited}}\">                <input type=\"hidden\" class=\"wpfd_file_preview_link_download\" value=\"{{linkdownload}}\" data-filetitle=\"{{post_title}}\" data-fileicons=\"ext ext-{{ext}} wpfd-icon-set-svg\" \/>                <div class=\"filecontent\">                    {{#if file_custom_icon}}                    <div class=\"icon-custom\"><img class=\"lazyload\" decoding=\"async\" src=\"data:image\/gif;base64,R0lGODlhAQABAAAAACH5BAEKAAEALAAAAAABAAEAAAICTAEAOw==\" data-orig-src=\"{{file_custom_icon}}\" \/><\/div>                    {{else}}                    <div class=\"ext ext-{{ext}} wpfd-icon-set-svg\"><span class=\"txt\">{{ext}}<\/span><\/div>                    {{\/if}}<h3><a href=\"{{linkdownload}}\"   class=\"wpfd_downloadlink\" title=\"{{post_title}}\" target=\"{{#if remote_file}}_blank{{\/if}}\"><span class=\"f_title\">{{{crop_title}}}<\/span>{{{new_marker_icon}}}<\/a><\/h3>                    <div class=\"file-xinfo\">                        {{#if description}}<div class=\"file-desc\">{{{description}}}<\/div>{{\/if}}<div class=\"file-size\"><span>M\u0103rime:<\/span> {{bytesToSize size}}<\/div><div class=\"file-hits\"><span>Acces\u0103ri:<\/span> {{hits}}<\/div>                    <\/div>                <\/div>                <span class=\"file-right\">                    <a class=\"downloadlink wpfd_downloadlink\"  href=\"{{linkdownload}}\"  style=\"background-color:#76bc58;color:#ffffff;\" target=\"{{#if remote_file}}_blank{{\/if}}\">Desc\u0103rcare<i class=\"zmdi zmdi-cloud-download wpfd-download\"><\/i><\/a>{{#if openpdflink}}<a class=\"openlink wpfdlightbox wpfd_previewlink\" href=\"{{openpdflink}}\"  target=\"\">Vizualizare                            <i class=\"zmdi zmdi-filter-center-focus wpfd-preview\"><\/i>                        <\/a>{{else}}{{#if viewerlink}}<a                            href=\"{{viewerlink}}\"                                                        class=\"openlink wpfdlightbox wpfd_previewlink\"                            target=\"\"                            data-id=\"{{ID}}\"                            data-catid=\"{{catid}}\"                            data-file-type=\"{{ext}}\">Vizualizare<i class=\"zmdi zmdi-filter-center-focus wpfd-preview\"><\/i>                        <\/a>{{\/if}}{{\/if}}                <\/span>            <\/div>            {{\/each}}            <div class=\"file flex_span\" style=\"margin : 10px 10px 10px 10px;\"><\/div>        <\/div>        {{\/if}}    <\/script>    <div class=\"wpfd-container\">                <div class=\"wpfd-open-tree\"><\/div>        <div class=\"wpfd-container-default \">            <div class=\"wpfd-categories hide\"><div class=\"wpfd-category-desc\"><\/div><\/div>                            <div class=\"wpfd_list\">                                                                                                    <div class=\"file pdf\"                                 style=\"margin : 10px 10px 10px 10px;\"                                 data-id=\"9187\"                                 data-catid=\"323\"                                 data-edit=\"0\">                                                                <input type=\"hidden\" class=\"wpfd_file_preview_link_download\" value=\"https:\/\/spitalnasaud.ro\/wp-admin\/admin-ajax.php?juwpfisadmin=false&amp;action=wpfd&amp;task=file.download&amp;wpfd_category_id=323&amp;wpfd_file_id=9187\"                                       data-filetitle=\"Meniul zilnic, detaliat pe regimuri \u0219i mese\" data-fileicons=\"ext ext-pdf wpfd-icon-set-svg\" \/>                                <div class=\"filecontent\">                                    <div class=\"ext ext-pdf wpfd-icon-set-svg\"><span class=\"txt\">pdf<\/span><\/div><h3><a href=\"https:\/\/spitalnasaud.ro\/wp-admin\/admin-ajax.php?juwpfisadmin=false&#038;action=wpfd&#038;task=file.download&#038;wpfd_category_id=323&#038;wpfd_file_id=9187\"   class=\"wpfd_downloadlink\" title=\"Meniul zilnic, detaliat pe regimuri \u0219i mese\" target=\"\"><span class=\"f_title\">Meniul zilnic, detaliat pe regimuri \u0219i mese<\/span><\/a><\/h3>                                    <div class=\"file-xinfo\">                                        <div class=\"file-desc\"><\/div><div class=\"file-size\"><span>M\u0103rime:<\/span> 333.09 KB<\/div><div class=\"file-hits\"><span>Acces\u0103ri:<\/span> 26<\/div>                                    <\/div>                                <\/div>                                <div class=\"file-right\">                                    <a class=\"downloadlink wpfd_downloadlink\"  href=\"https:\/\/spitalnasaud.ro\/wp-admin\/admin-ajax.php?juwpfisadmin=false&#038;action=wpfd&#038;task=file.download&#038;wpfd_category_id=323&#038;wpfd_file_id=9187\"  style=\"background-color:#76bc58;color:#ffffff;\" target=\"\">Desc\u0103rcare<i class=\"zmdi zmdi-cloud-download wpfd-download\"><\/i><\/a><a                            href=\"https:\/\/docs.google.com\/viewer?url=https%3A%2F%2Fspitalnasaud.ro%2Fwp-admin%2Fadmin-ajax.php%3Fjuwpfisadmin%3Dfalse%26action%3Dwpfd%26task%3Dfile.download%26wpfd_category_id%3D323%26wpfd_file_id%3D9187%26token%3D%26preview%3D1&#038;embedded=true\"                                                        class=\"openlink wpfdlightbox wpfd_previewlink\"                            target=\"\"                            data-id=\"9187\"                            data-catid=\"323\"                            data-file-type=\"pdf\">Vizualizare<i class=\"zmdi zmdi-filter-center-focus wpfd-preview\"><\/i>                        <\/a>                                <\/div>                            <\/div>                                                                <div class=\"file flex_span\" style=\"margin : 10px 10px 10px 10px;\"><\/div>                <\/div>                                <\/div>    <\/div><\/div><\/div><div class=\"fusion-text fusion-text-2\" style=\"--awb-font-size:12px;\"><p><i>Cadru legal:<\/i>\u00a0Ordinul Ministrului S\u0103n\u0103t\u0103\u021bii nr. 1117\/2025 privind publicarea datelor \u015fi informa\u0163iilor referitoare la activitatea spitalului public<\/p>\n<\/div><\/div><\/div><\/div><\/div>\n","protected":false},"excerpt":{"rendered":"","protected":false},"author":1,"featured_media":0,"parent":0,"menu_order":0,"comment_status":"closed","ping_status":"closed","template":"100-width.php","meta":{"footnotes":""},"class_list":["post-9183","page","type-page","status-publish","hentry"],"_links":{"self":[{"href":"https:\/\/spitalnasaud.ro\/index.php?rest_route=\/wp\/v2\/pages\/9183","targetHints":{"allow":["GET"]}}],"collection":[{"href":"https:\/\/spitalnasaud.ro\/index.php?rest_route=\/wp\/v2\/pages"}],"about":[{"href":"https:\/\/spitalnasaud.ro\/index.php?rest_route=\/wp\/v2\/types\/page"}],"author":[{"embeddable":true,"href":"https:\/\/spitalnasaud.ro\/index.php?rest_route=\/wp\/v2\/users\/1"}],"replies":[{"embeddable":true,"href":"https:\/\/spitalnasaud.ro\/index.php?rest_route=%2Fwp%2Fv2%2Fcomments&post=9183"}],"version-history":[{"count":11,"href":"https:\/\/spitalnasaud.ro\/index.php?rest_route=\/wp\/v2\/pages\/9183\/revisions"}],"predecessor-version":[{"id":9202,"href":"https:\/\/spitalnasaud.ro\/index.php?rest_route=\/wp\/v2\/pages\/9183\/revisions\/9202"}],"wp:attachment":[{"href":"https:\/\/spitalnasaud.ro\/index.php?rest_route=%2Fwp%2Fv2%2Fmedia&parent=9183"}],"curies":[{"name":"wp","href":"https:\/\/api.w.org\/{rel}","templated":true}]}}